{"id":118281,"date":"2025-10-04T16:58:24","date_gmt":"2025-10-04T16:58:24","guid":{"rendered":"https:\/\/casafreitas.pt\/loja\/produto\/enrolador-automatico-com-20m-mangueira-ergo-cellfast\/"},"modified":"2025-10-24T07:11:26","modified_gmt":"2025-10-24T07:11:26","slug":"enrolador-automatico-com-20m-mangueira-ergo-cellfast","status":"publish","type":"product","link":"https:\/\/casafreitas.pt\/loja\/produto\/enrolador-automatico-com-20m-mangueira-ergo-cellfast\/","title":{"rendered":"Enrolador autom\u00e1tico com 20m de mangueira ergo cellfast"},"content":{"rendered":"","protected":false},"excerpt":{"rendered":"<p>Enrolador de parede com sistema de auto recolha ergo. com 20m de mangueira de 12,5mm e 2m adicionais para conectar a uma torneira. equipado com conector para torneira universal. conectores r\u00e1pidos e agulheta ergo. f\u00e1cil de instalar na parede , permite uma rota\u00e7\u00e3o perfeita para orientar a mangueira para a zona de rega, recolha autom\u00e1tica por sistema de mola e controle dirigido. para evitar qualquer nudo na mangueira e garantir uma recolha suave. a mangueira permanece no interior da caixa quando n\u00e3o o est\u00e1 a usar, o que garante uma grande durabilidade \u00e0 mesma<\/p>\n","protected":false},"featured_media":118280,"comment_status":"open","ping_status":"closed","template":"","meta":[],"product_brand":[],"product_cat":[17828,18009],"product_tag":[],"class_list":{"0":"post-118281","1":"product","2":"type-product","3":"status-publish","4":"has-post-thumbnail","6":"product_cat-carretel-de-mangueira-carrinho-jardim-e-espaco-exterior","7":"product_cat-jardim-espaco-exterior","9":"first","10":"instock","11":"taxable","12":"shipping-taxable","13":"purchasable","14":"product-type-simple"},"_links":{"self":[{"href":"https:\/\/casafreitas.pt\/loja\/wp-json\/wp\/v2\/product\/118281","targetHints":{"allow":["GET"]}}],"collection":[{"href":"https:\/\/casafreitas.pt\/loja\/wp-json\/wp\/v2\/product"}],"about":[{"href":"https:\/\/casafreitas.pt\/loja\/wp-json\/wp\/v2\/types\/product"}],"replies":[{"embeddable":true,"href":"https:\/\/casafreitas.pt\/loja\/wp-json\/wp\/v2\/comments?post=118281"}],"version-history":[{"count":1,"href":"https:\/\/casafreitas.pt\/loja\/wp-json\/wp\/v2\/product\/118281\/revisions"}],"predecessor-version":[{"id":118282,"href":"https:\/\/casafreitas.pt\/loja\/wp-json\/wp\/v2\/product\/118281\/revisions\/118282"}],"wp:featuredmedia":[{"embeddable":true,"href":"https:\/\/casafreitas.pt\/loja\/wp-json\/wp\/v2\/media\/118280"}],"wp:attachment":[{"href":"https:\/\/casafreitas.pt\/loja\/wp-json\/wp\/v2\/media?parent=118281"}],"wp:term":[{"taxonomy":"product_brand","embeddable":true,"href":"https:\/\/casafreitas.pt\/loja\/wp-json\/wp\/v2\/product_brand?post=118281"},{"taxonomy":"product_cat","embeddable":true,"href":"https:\/\/casafreitas.pt\/loja\/wp-json\/wp\/v2\/product_cat?post=118281"},{"taxonomy":"product_tag","embeddable":true,"href":"https:\/\/casafreitas.pt\/loja\/wp-json\/wp\/v2\/product_tag?post=118281"}],"curies":[{"name":"wp","href":"https:\/\/api.w.org\/{rel}","templated":true}]}}