{"id":118278,"date":"2025-10-04T16:58:10","date_gmt":"2025-10-04T16:58:10","guid":{"rendered":"https:\/\/casafreitas.pt\/loja\/produto\/enrolador-mangueira-equipado-com-10m-ergo-xs-cellfast\/"},"modified":"2025-10-24T07:11:26","modified_gmt":"2025-10-24T07:11:26","slug":"enrolador-mangueira-equipado-com-10m-ergo-xs-cellfast","status":"publish","type":"product","link":"https:\/\/casafreitas.pt\/loja\/produto\/enrolador-mangueira-equipado-com-10m-ergo-xs-cellfast\/","title":{"rendered":"Enrolador de mangueira equipado com 10m ergo xs cellfast"},"content":{"rendered":"","protected":false},"excerpt":{"rendered":"<p>Enrolador compacto de mangueira com suporte de parede. cont\u00e9m mangueira para rega de 10 metros e 9mm de di\u00e2metro + 2 metros de mangueira para a conex\u00e3o para torneira, agulheta para rega ergo e conectores para montagem. fabricado em polonia com materiais de primeira qualidade e vencedor do pr\u00e9mio de design reddot 2018. ideal para pequenos jardins e terra\u00e7os, de uso muito funcional e pr\u00e1tico<\/p>\n","protected":false},"featured_media":118277,"comment_status":"open","ping_status":"closed","template":"","meta":[],"product_brand":[],"product_cat":[17828,18009],"product_tag":[],"class_list":{"0":"post-118278","1":"product","2":"type-product","3":"status-publish","4":"has-post-thumbnail","6":"product_cat-carretel-de-mangueira-carrinho-jardim-e-espaco-exterior","7":"product_cat-jardim-espaco-exterior","9":"first","10":"instock","11":"taxable","12":"shipping-taxable","13":"purchasable","14":"product-type-simple"},"_links":{"self":[{"href":"https:\/\/casafreitas.pt\/loja\/wp-json\/wp\/v2\/product\/118278","targetHints":{"allow":["GET"]}}],"collection":[{"href":"https:\/\/casafreitas.pt\/loja\/wp-json\/wp\/v2\/product"}],"about":[{"href":"https:\/\/casafreitas.pt\/loja\/wp-json\/wp\/v2\/types\/product"}],"replies":[{"embeddable":true,"href":"https:\/\/casafreitas.pt\/loja\/wp-json\/wp\/v2\/comments?post=118278"}],"version-history":[{"count":1,"href":"https:\/\/casafreitas.pt\/loja\/wp-json\/wp\/v2\/product\/118278\/revisions"}],"predecessor-version":[{"id":118279,"href":"https:\/\/casafreitas.pt\/loja\/wp-json\/wp\/v2\/product\/118278\/revisions\/118279"}],"wp:featuredmedia":[{"embeddable":true,"href":"https:\/\/casafreitas.pt\/loja\/wp-json\/wp\/v2\/media\/118277"}],"wp:attachment":[{"href":"https:\/\/casafreitas.pt\/loja\/wp-json\/wp\/v2\/media?parent=118278"}],"wp:term":[{"taxonomy":"product_brand","embeddable":true,"href":"https:\/\/casafreitas.pt\/loja\/wp-json\/wp\/v2\/product_brand?post=118278"},{"taxonomy":"product_cat","embeddable":true,"href":"https:\/\/casafreitas.pt\/loja\/wp-json\/wp\/v2\/product_cat?post=118278"},{"taxonomy":"product_tag","embeddable":true,"href":"https:\/\/casafreitas.pt\/loja\/wp-json\/wp\/v2\/product_tag?post=118278"}],"curies":[{"name":"wp","href":"https:\/\/api.w.org\/{rel}","templated":true}]}}