{"id":118236,"date":"2025-10-04T16:54:54","date_gmt":"2025-10-04T16:54:54","guid":{"rendered":"https:\/\/casafreitas.pt\/loja\/produto\/carro-suporte-mangueira-economic\/"},"modified":"2025-10-24T07:11:25","modified_gmt":"2025-10-24T07:11:25","slug":"carro-suporte-mangueira-economic","status":"publish","type":"product","link":"https:\/\/casafreitas.pt\/loja\/produto\/carro-suporte-mangueira-economic\/","title":{"rendered":"Carro suporte mangueira economic"},"content":{"rendered":"","protected":false},"excerpt":{"rendered":"<p>Carrinho de transporte de mangueira econ\u00f3mico. capacidade para armazenar at\u00e9 45 m de mangueira de \u00f812,5 mm; 30 m de mangueira \u00f815 mm ou 20 m de mangueira \u00f8 19 mm; com rodas, carretel rotativo de manivela e puxador de transporte telesc\u00f3pico<\/p>\n","protected":false},"featured_media":118235,"comment_status":"open","ping_status":"closed","template":"","meta":[],"product_brand":[],"product_cat":[17828,18009],"product_tag":[],"class_list":{"0":"post-118236","1":"product","2":"type-product","3":"status-publish","4":"has-post-thumbnail","6":"product_cat-carretel-de-mangueira-carrinho-jardim-e-espaco-exterior","7":"product_cat-jardim-espaco-exterior","9":"first","10":"instock","11":"taxable","12":"shipping-taxable","13":"purchasable","14":"product-type-simple"},"_links":{"self":[{"href":"https:\/\/casafreitas.pt\/loja\/wp-json\/wp\/v2\/product\/118236","targetHints":{"allow":["GET"]}}],"collection":[{"href":"https:\/\/casafreitas.pt\/loja\/wp-json\/wp\/v2\/product"}],"about":[{"href":"https:\/\/casafreitas.pt\/loja\/wp-json\/wp\/v2\/types\/product"}],"replies":[{"embeddable":true,"href":"https:\/\/casafreitas.pt\/loja\/wp-json\/wp\/v2\/comments?post=118236"}],"version-history":[{"count":1,"href":"https:\/\/casafreitas.pt\/loja\/wp-json\/wp\/v2\/product\/118236\/revisions"}],"predecessor-version":[{"id":118237,"href":"https:\/\/casafreitas.pt\/loja\/wp-json\/wp\/v2\/product\/118236\/revisions\/118237"}],"wp:featuredmedia":[{"embeddable":true,"href":"https:\/\/casafreitas.pt\/loja\/wp-json\/wp\/v2\/media\/118235"}],"wp:attachment":[{"href":"https:\/\/casafreitas.pt\/loja\/wp-json\/wp\/v2\/media?parent=118236"}],"wp:term":[{"taxonomy":"product_brand","embeddable":true,"href":"https:\/\/casafreitas.pt\/loja\/wp-json\/wp\/v2\/product_brand?post=118236"},{"taxonomy":"product_cat","embeddable":true,"href":"https:\/\/casafreitas.pt\/loja\/wp-json\/wp\/v2\/product_cat?post=118236"},{"taxonomy":"product_tag","embeddable":true,"href":"https:\/\/casafreitas.pt\/loja\/wp-json\/wp\/v2\/product_tag?post=118236"}],"curies":[{"name":"wp","href":"https:\/\/api.w.org\/{rel}","templated":true}]}}