{"id":118128,"date":"2025-10-04T16:46:30","date_gmt":"2025-10-04T16:46:30","guid":{"rendered":"https:\/\/casafreitas.pt\/loja\/produto\/kit-mangueira-extensivel-zygzag-75-15-com-conectores-agulheta-multi-ergo-cellfast\/"},"modified":"2025-10-24T07:11:22","modified_gmt":"2025-10-24T07:11:22","slug":"kit-mangueira-extensivel-zygzag-75-15-com-conectores-agulheta-multi-ergo-cellfast","status":"publish","type":"product","link":"https:\/\/casafreitas.pt\/loja\/produto\/kit-mangueira-extensivel-zygzag-75-15-com-conectores-agulheta-multi-ergo-cellfast\/","title":{"rendered":"Kit mangueira extens\u00edvel zygzag 7,5 a 15 com conectores e agulheta multi ergo cellfast"},"content":{"rendered":"","protected":false},"excerpt":{"rendered":"<p>Kit mangueira extens\u00edvel zygzag 7,5 a 15. com mangueira que se n\u00e3o estiver em uso s\u00f3 ocupa 7,5 metros e em pleno rendimento duplica o seu comprimento, extendendo-se at\u00e9 15 metros. cont\u00e9m conector para torneira, conector r\u00e1pido, conector com sistema water stop e pistola basic. apta at\u00e9 6 bares de press\u00e3o e super flex\u00edvel. \u00e9 uma mangueira para rega dom\u00e9stica que ocupa muito pouco espa\u00e7o e proporciona grande rendimento. \u00e9 necess\u00e1rio esvaziar a \u00e1gua ap\u00f3s cada uso para poder guard\u00e1-la num lugar seco e pouco soleado para garantir uma longa vida \u00fatil \u00e0 mangueira extens\u00edvel zigzag<\/p>\n","protected":false},"featured_media":118127,"comment_status":"open","ping_status":"closed","template":"","meta":[],"product_brand":[],"product_cat":[17843,18009],"product_tag":[],"class_list":{"0":"post-118128","1":"product","2":"type-product","3":"status-publish","4":"has-post-thumbnail","6":"product_cat-kits-de-mangueira-jardim-e-espaco-exterior","7":"product_cat-jardim-espaco-exterior","9":"first","10":"instock","11":"taxable","12":"shipping-taxable","13":"purchasable","14":"product-type-simple"},"_links":{"self":[{"href":"https:\/\/casafreitas.pt\/loja\/wp-json\/wp\/v2\/product\/118128","targetHints":{"allow":["GET"]}}],"collection":[{"href":"https:\/\/casafreitas.pt\/loja\/wp-json\/wp\/v2\/product"}],"about":[{"href":"https:\/\/casafreitas.pt\/loja\/wp-json\/wp\/v2\/types\/product"}],"replies":[{"embeddable":true,"href":"https:\/\/casafreitas.pt\/loja\/wp-json\/wp\/v2\/comments?post=118128"}],"version-history":[{"count":1,"href":"https:\/\/casafreitas.pt\/loja\/wp-json\/wp\/v2\/product\/118128\/revisions"}],"predecessor-version":[{"id":118129,"href":"https:\/\/casafreitas.pt\/loja\/wp-json\/wp\/v2\/product\/118128\/revisions\/118129"}],"wp:featuredmedia":[{"embeddable":true,"href":"https:\/\/casafreitas.pt\/loja\/wp-json\/wp\/v2\/media\/118127"}],"wp:attachment":[{"href":"https:\/\/casafreitas.pt\/loja\/wp-json\/wp\/v2\/media?parent=118128"}],"wp:term":[{"taxonomy":"product_brand","embeddable":true,"href":"https:\/\/casafreitas.pt\/loja\/wp-json\/wp\/v2\/product_brand?post=118128"},{"taxonomy":"product_cat","embeddable":true,"href":"https:\/\/casafreitas.pt\/loja\/wp-json\/wp\/v2\/product_cat?post=118128"},{"taxonomy":"product_tag","embeddable":true,"href":"https:\/\/casafreitas.pt\/loja\/wp-json\/wp\/v2\/product_tag?post=118128"}],"curies":[{"name":"wp","href":"https:\/\/api.w.org\/{rel}","templated":true}]}}