{"id":118098,"date":"2025-10-04T16:44:08","date_gmt":"2025-10-04T16:44:08","guid":{"rendered":"https:\/\/casafreitas.pt\/loja\/produto\/regador-plastico-com-cabeca-spray-10-l-cor-preta\/"},"modified":"2025-10-24T07:11:20","modified_gmt":"2025-10-24T07:11:20","slug":"regador-plastico-com-cabeca-spray-10-l-cor-preta","status":"publish","type":"product","link":"https:\/\/casafreitas.pt\/loja\/produto\/regador-plastico-com-cabeca-spray-10-l-cor-preta\/","title":{"rendered":"Regador de pl\u00e1stico com cabe\u00e7a de spray 10 l cor preta"},"content":{"rendered":"","protected":false},"excerpt":{"rendered":"<p>Regador de pl\u00e1stico com cabe\u00e7a de spray 10 l cor preta. material: polipropileno<\/p>\n","protected":false},"featured_media":118097,"comment_status":"open","ping_status":"closed","template":"","meta":[],"product_brand":[],"product_cat":[17856,18009],"product_tag":[],"class_list":{"0":"post-118098","1":"product","2":"type-product","3":"status-publish","4":"has-post-thumbnail","6":"product_cat-regadores-jardim-e-espaco-exterior","7":"product_cat-jardim-espaco-exterior","9":"first","10":"instock","11":"taxable","12":"shipping-taxable","13":"purchasable","14":"product-type-simple"},"_links":{"self":[{"href":"https:\/\/casafreitas.pt\/loja\/wp-json\/wp\/v2\/product\/118098","targetHints":{"allow":["GET"]}}],"collection":[{"href":"https:\/\/casafreitas.pt\/loja\/wp-json\/wp\/v2\/product"}],"about":[{"href":"https:\/\/casafreitas.pt\/loja\/wp-json\/wp\/v2\/types\/product"}],"replies":[{"embeddable":true,"href":"https:\/\/casafreitas.pt\/loja\/wp-json\/wp\/v2\/comments?post=118098"}],"version-history":[{"count":1,"href":"https:\/\/casafreitas.pt\/loja\/wp-json\/wp\/v2\/product\/118098\/revisions"}],"predecessor-version":[{"id":118099,"href":"https:\/\/casafreitas.pt\/loja\/wp-json\/wp\/v2\/product\/118098\/revisions\/118099"}],"wp:featuredmedia":[{"embeddable":true,"href":"https:\/\/casafreitas.pt\/loja\/wp-json\/wp\/v2\/media\/118097"}],"wp:attachment":[{"href":"https:\/\/casafreitas.pt\/loja\/wp-json\/wp\/v2\/media?parent=118098"}],"wp:term":[{"taxonomy":"product_brand","embeddable":true,"href":"https:\/\/casafreitas.pt\/loja\/wp-json\/wp\/v2\/product_brand?post=118098"},{"taxonomy":"product_cat","embeddable":true,"href":"https:\/\/casafreitas.pt\/loja\/wp-json\/wp\/v2\/product_cat?post=118098"},{"taxonomy":"product_tag","embeddable":true,"href":"https:\/\/casafreitas.pt\/loja\/wp-json\/wp\/v2\/product_tag?post=118098"}],"curies":[{"name":"wp","href":"https:\/\/api.w.org\/{rel}","templated":true}]}}