{"id":118065,"date":"2025-10-04T16:41:30","date_gmt":"2025-10-04T16:41:30","guid":{"rendered":"https:\/\/casafreitas.pt\/loja\/produto\/kit-micro-rega-gotejamento-71-pecas-23m\/"},"modified":"2025-10-24T07:11:19","modified_gmt":"2025-10-24T07:11:19","slug":"kit-micro-rega-gotejamento-71-pecas-23m","status":"publish","type":"product","link":"https:\/\/casafreitas.pt\/loja\/produto\/kit-micro-rega-gotejamento-71-pecas-23m\/","title":{"rendered":"Kit de micro rega (gotejamento) 71 pe\u00e7as 23m"},"content":{"rendered":"","protected":false},"excerpt":{"rendered":"<p>Kit micro irriga\u00e7\u00e3o (gotejamento) 71 pe\u00e7as 23 m. o kit \u00e9 constitu\u00eddo por: 10 gotejadores de extremidade, 10 gotejadores interm\u00e9dios, 1 adaptador de torneira externa, 1 v\u00e1lvula de controlo, 1 filtro de \u00e1gua, 2 juntas retas, 15 juntas em forma de &#8220;t&#8221;, 5 grampos de extremidade, 15 grampos, 10 picos e 1 mangueira de 23m x \u00f80,5 cm. tudo para o di\u00e2metro de 0,5cm da mangueira.<\/p>\n","protected":false},"featured_media":118064,"comment_status":"open","ping_status":"closed","template":"","meta":[],"product_brand":[],"product_cat":[17849,18009],"product_tag":[],"class_list":{"0":"post-118065","1":"product","2":"type-product","3":"status-publish","4":"has-post-thumbnail","6":"product_cat-micro-irrigacao-jardim-e-espaco-exterior","7":"product_cat-jardim-espaco-exterior","9":"first","10":"instock","11":"taxable","12":"shipping-taxable","13":"purchasable","14":"product-type-simple"},"_links":{"self":[{"href":"https:\/\/casafreitas.pt\/loja\/wp-json\/wp\/v2\/product\/118065","targetHints":{"allow":["GET"]}}],"collection":[{"href":"https:\/\/casafreitas.pt\/loja\/wp-json\/wp\/v2\/product"}],"about":[{"href":"https:\/\/casafreitas.pt\/loja\/wp-json\/wp\/v2\/types\/product"}],"replies":[{"embeddable":true,"href":"https:\/\/casafreitas.pt\/loja\/wp-json\/wp\/v2\/comments?post=118065"}],"version-history":[{"count":1,"href":"https:\/\/casafreitas.pt\/loja\/wp-json\/wp\/v2\/product\/118065\/revisions"}],"predecessor-version":[{"id":118066,"href":"https:\/\/casafreitas.pt\/loja\/wp-json\/wp\/v2\/product\/118065\/revisions\/118066"}],"wp:featuredmedia":[{"embeddable":true,"href":"https:\/\/casafreitas.pt\/loja\/wp-json\/wp\/v2\/media\/118064"}],"wp:attachment":[{"href":"https:\/\/casafreitas.pt\/loja\/wp-json\/wp\/v2\/media?parent=118065"}],"wp:term":[{"taxonomy":"product_brand","embeddable":true,"href":"https:\/\/casafreitas.pt\/loja\/wp-json\/wp\/v2\/product_brand?post=118065"},{"taxonomy":"product_cat","embeddable":true,"href":"https:\/\/casafreitas.pt\/loja\/wp-json\/wp\/v2\/product_cat?post=118065"},{"taxonomy":"product_tag","embeddable":true,"href":"https:\/\/casafreitas.pt\/loja\/wp-json\/wp\/v2\/product_tag?post=118065"}],"curies":[{"name":"wp","href":"https:\/\/api.w.org\/{rel}","templated":true}]}}