{"id":118020,"date":"2025-10-04T16:37:59","date_gmt":"2025-10-04T16:37:59","guid":{"rendered":"https:\/\/casafreitas.pt\/loja\/produto\/aspersor-rotativo-tres-bracos-com-estaca\/"},"modified":"2025-10-24T07:11:15","modified_gmt":"2025-10-24T07:11:15","slug":"aspersor-rotativo-tres-bracos-com-estaca","status":"publish","type":"product","link":"https:\/\/casafreitas.pt\/loja\/produto\/aspersor-rotativo-tres-bracos-com-estaca\/","title":{"rendered":"Aspersor rotativo de tr\u00eas bra\u00e7os com estaca"},"content":{"rendered":"","protected":false},"excerpt":{"rendered":"<p>Aspersor rotativo de tr\u00eas bra\u00e7os com estaca. \u00f820x26cm cor: cinza\/laranja. material: polipropileno. cabe\u00e7as rotativas com bico de precis\u00e3o individualmente ajust\u00e1vel<\/p>\n","protected":false},"featured_media":118019,"comment_status":"open","ping_status":"closed","template":"","meta":[],"product_brand":[],"product_cat":[17821,18009],"product_tag":[],"class_list":{"0":"post-118020","1":"product","2":"type-product","3":"status-publish","4":"has-post-thumbnail","6":"product_cat-aspersores-jardim-e-espaco-exterior","7":"product_cat-jardim-espaco-exterior","9":"first","10":"instock","11":"taxable","12":"shipping-taxable","13":"purchasable","14":"product-type-simple"},"_links":{"self":[{"href":"https:\/\/casafreitas.pt\/loja\/wp-json\/wp\/v2\/product\/118020","targetHints":{"allow":["GET"]}}],"collection":[{"href":"https:\/\/casafreitas.pt\/loja\/wp-json\/wp\/v2\/product"}],"about":[{"href":"https:\/\/casafreitas.pt\/loja\/wp-json\/wp\/v2\/types\/product"}],"replies":[{"embeddable":true,"href":"https:\/\/casafreitas.pt\/loja\/wp-json\/wp\/v2\/comments?post=118020"}],"version-history":[{"count":1,"href":"https:\/\/casafreitas.pt\/loja\/wp-json\/wp\/v2\/product\/118020\/revisions"}],"predecessor-version":[{"id":118021,"href":"https:\/\/casafreitas.pt\/loja\/wp-json\/wp\/v2\/product\/118020\/revisions\/118021"}],"wp:featuredmedia":[{"embeddable":true,"href":"https:\/\/casafreitas.pt\/loja\/wp-json\/wp\/v2\/media\/118019"}],"wp:attachment":[{"href":"https:\/\/casafreitas.pt\/loja\/wp-json\/wp\/v2\/media?parent=118020"}],"wp:term":[{"taxonomy":"product_brand","embeddable":true,"href":"https:\/\/casafreitas.pt\/loja\/wp-json\/wp\/v2\/product_brand?post=118020"},{"taxonomy":"product_cat","embeddable":true,"href":"https:\/\/casafreitas.pt\/loja\/wp-json\/wp\/v2\/product_cat?post=118020"},{"taxonomy":"product_tag","embeddable":true,"href":"https:\/\/casafreitas.pt\/loja\/wp-json\/wp\/v2\/product_tag?post=118020"}],"curies":[{"name":"wp","href":"https:\/\/api.w.org\/{rel}","templated":true}]}}