{"id":117579,"date":"2025-10-04T16:00:21","date_gmt":"2025-10-04T16:00:21","guid":{"rendered":"https:\/\/casafreitas.pt\/loja\/produto\/escova-cerdas-duras-triangular-flex-cleansystem-para-limpeza-superficies-duras-cantos-18814-20-gardena\/"},"modified":"2025-10-24T07:11:03","modified_gmt":"2025-10-24T07:11:03","slug":"escova-cerdas-duras-triangular-flex-cleansystem-para-limpeza-superficies-duras-cantos-18814-20-gardena","status":"publish","type":"product","link":"https:\/\/casafreitas.pt\/loja\/produto\/escova-cerdas-duras-triangular-flex-cleansystem-para-limpeza-superficies-duras-cantos-18814-20-gardena\/","title":{"rendered":"Escova de cerdas duras triangular flex cleansystem para limpeza de superf\u00edcies duras e cantos 18814-20 gardena"},"content":{"rendered":"","protected":false},"excerpt":{"rendered":"<p>Escova de cerdas duras triangular flex cleansystem para limpeza de superf\u00edcies duras e cantos 18814-20 gardena. pr\u00e1tica forma triangular para chegar aos cantinhos menos acess\u00edveis<\/p>\n","protected":false},"featured_media":117578,"comment_status":"open","ping_status":"closed","template":"","meta":[],"product_brand":[],"product_cat":[13284,18009],"product_tag":[],"class_list":{"0":"post-117579","1":"product","2":"type-product","3":"status-publish","4":"has-post-thumbnail","6":"product_cat-acessorios-mangueiras","7":"product_cat-jardim-espaco-exterior","9":"first","10":"instock","11":"taxable","12":"shipping-taxable","13":"purchasable","14":"product-type-simple"},"_links":{"self":[{"href":"https:\/\/casafreitas.pt\/loja\/wp-json\/wp\/v2\/product\/117579","targetHints":{"allow":["GET"]}}],"collection":[{"href":"https:\/\/casafreitas.pt\/loja\/wp-json\/wp\/v2\/product"}],"about":[{"href":"https:\/\/casafreitas.pt\/loja\/wp-json\/wp\/v2\/types\/product"}],"replies":[{"embeddable":true,"href":"https:\/\/casafreitas.pt\/loja\/wp-json\/wp\/v2\/comments?post=117579"}],"version-history":[{"count":1,"href":"https:\/\/casafreitas.pt\/loja\/wp-json\/wp\/v2\/product\/117579\/revisions"}],"predecessor-version":[{"id":117580,"href":"https:\/\/casafreitas.pt\/loja\/wp-json\/wp\/v2\/product\/117579\/revisions\/117580"}],"wp:featuredmedia":[{"embeddable":true,"href":"https:\/\/casafreitas.pt\/loja\/wp-json\/wp\/v2\/media\/117578"}],"wp:attachment":[{"href":"https:\/\/casafreitas.pt\/loja\/wp-json\/wp\/v2\/media?parent=117579"}],"wp:term":[{"taxonomy":"product_brand","embeddable":true,"href":"https:\/\/casafreitas.pt\/loja\/wp-json\/wp\/v2\/product_brand?post=117579"},{"taxonomy":"product_cat","embeddable":true,"href":"https:\/\/casafreitas.pt\/loja\/wp-json\/wp\/v2\/product_cat?post=117579"},{"taxonomy":"product_tag","embeddable":true,"href":"https:\/\/casafreitas.pt\/loja\/wp-json\/wp\/v2\/product_tag?post=117579"}],"curies":[{"name":"wp","href":"https:\/\/api.w.org\/{rel}","templated":true}]}}