{"id":117570,"date":"2025-10-04T15:59:41","date_gmt":"2025-10-04T15:59:41","guid":{"rendered":"https:\/\/casafreitas.pt\/loja\/produto\/escova-para-limpeza-estores-cleansystem-18850-20-gardena\/"},"modified":"2025-10-24T07:11:02","modified_gmt":"2025-10-24T07:11:02","slug":"escova-para-limpeza-estores-cleansystem-18850-20-gardena","status":"publish","type":"product","link":"https:\/\/casafreitas.pt\/loja\/produto\/escova-para-limpeza-estores-cleansystem-18850-20-gardena\/","title":{"rendered":"Escova para limpeza de estores cleansystem 18850-20 gardena"},"content":{"rendered":"","protected":false},"excerpt":{"rendered":"<p>Escova para limpeza de estores cleansystem 18850-20 gardena. para limpar estores com l\u00e2minas . cabe\u00e7a girat\u00f3ria 90\u00ba a ambos lados<\/p>\n","protected":false},"featured_media":117569,"comment_status":"open","ping_status":"closed","template":"","meta":[],"product_brand":[],"product_cat":[13284,18009],"product_tag":[],"class_list":{"0":"post-117570","1":"product","2":"type-product","3":"status-publish","4":"has-post-thumbnail","6":"product_cat-acessorios-mangueiras","7":"product_cat-jardim-espaco-exterior","9":"first","10":"instock","11":"taxable","12":"shipping-taxable","13":"purchasable","14":"product-type-simple"},"_links":{"self":[{"href":"https:\/\/casafreitas.pt\/loja\/wp-json\/wp\/v2\/product\/117570","targetHints":{"allow":["GET"]}}],"collection":[{"href":"https:\/\/casafreitas.pt\/loja\/wp-json\/wp\/v2\/product"}],"about":[{"href":"https:\/\/casafreitas.pt\/loja\/wp-json\/wp\/v2\/types\/product"}],"replies":[{"embeddable":true,"href":"https:\/\/casafreitas.pt\/loja\/wp-json\/wp\/v2\/comments?post=117570"}],"version-history":[{"count":1,"href":"https:\/\/casafreitas.pt\/loja\/wp-json\/wp\/v2\/product\/117570\/revisions"}],"predecessor-version":[{"id":117571,"href":"https:\/\/casafreitas.pt\/loja\/wp-json\/wp\/v2\/product\/117570\/revisions\/117571"}],"wp:featuredmedia":[{"embeddable":true,"href":"https:\/\/casafreitas.pt\/loja\/wp-json\/wp\/v2\/media\/117569"}],"wp:attachment":[{"href":"https:\/\/casafreitas.pt\/loja\/wp-json\/wp\/v2\/media?parent=117570"}],"wp:term":[{"taxonomy":"product_brand","embeddable":true,"href":"https:\/\/casafreitas.pt\/loja\/wp-json\/wp\/v2\/product_brand?post=117570"},{"taxonomy":"product_cat","embeddable":true,"href":"https:\/\/casafreitas.pt\/loja\/wp-json\/wp\/v2\/product_cat?post=117570"},{"taxonomy":"product_tag","embeddable":true,"href":"https:\/\/casafreitas.pt\/loja\/wp-json\/wp\/v2\/product_tag?post=117570"}],"curies":[{"name":"wp","href":"https:\/\/api.w.org\/{rel}","templated":true}]}}