{"id":117492,"date":"2025-10-04T15:53:46","date_gmt":"2025-10-04T15:53:46","guid":{"rendered":"https:\/\/casafreitas.pt\/loja\/produto\/kit-inicial-rega-para-varandas-gardena\/"},"modified":"2025-10-24T07:11:00","modified_gmt":"2025-10-24T07:11:00","slug":"kit-inicial-rega-para-varandas-gardena","status":"publish","type":"product","link":"https:\/\/casafreitas.pt\/loja\/produto\/kit-inicial-rega-para-varandas-gardena\/","title":{"rendered":"Kit inicial de rega para varandas gardena"},"content":{"rendered":"","protected":false},"excerpt":{"rendered":"<p>Kit inicial de rega para varandas. kit micro rega por goteio para terra\u00e7os de gardena, \u00e9 adequado para at\u00e9 30 plantas e pode come\u00e7ar a usar ao momento. o kit ready 2-use cont\u00e9m tudo o que necessita para rega por goteio para que possa poupar \u00e1gua, ajustando o tipo de rega aos diferentes tipos de plantas existentes. o micro-drip-system \u00e9 f\u00e1cil configurar: ligue-o \u00e0 torneira, ponha os canos e os acess\u00f3rios para gotejamento junto \u00e0s plantas<\/p>\n","protected":false},"featured_media":117491,"comment_status":"open","ping_status":"closed","template":"","meta":[],"product_brand":[],"product_cat":[17849,18009],"product_tag":[],"class_list":{"0":"post-117492","1":"product","2":"type-product","3":"status-publish","4":"has-post-thumbnail","6":"product_cat-micro-irrigacao-jardim-e-espaco-exterior","7":"product_cat-jardim-espaco-exterior","9":"first","10":"instock","11":"taxable","12":"shipping-taxable","13":"purchasable","14":"product-type-simple"},"_links":{"self":[{"href":"https:\/\/casafreitas.pt\/loja\/wp-json\/wp\/v2\/product\/117492","targetHints":{"allow":["GET"]}}],"collection":[{"href":"https:\/\/casafreitas.pt\/loja\/wp-json\/wp\/v2\/product"}],"about":[{"href":"https:\/\/casafreitas.pt\/loja\/wp-json\/wp\/v2\/types\/product"}],"replies":[{"embeddable":true,"href":"https:\/\/casafreitas.pt\/loja\/wp-json\/wp\/v2\/comments?post=117492"}],"version-history":[{"count":1,"href":"https:\/\/casafreitas.pt\/loja\/wp-json\/wp\/v2\/product\/117492\/revisions"}],"predecessor-version":[{"id":117493,"href":"https:\/\/casafreitas.pt\/loja\/wp-json\/wp\/v2\/product\/117492\/revisions\/117493"}],"wp:featuredmedia":[{"embeddable":true,"href":"https:\/\/casafreitas.pt\/loja\/wp-json\/wp\/v2\/media\/117491"}],"wp:attachment":[{"href":"https:\/\/casafreitas.pt\/loja\/wp-json\/wp\/v2\/media?parent=117492"}],"wp:term":[{"taxonomy":"product_brand","embeddable":true,"href":"https:\/\/casafreitas.pt\/loja\/wp-json\/wp\/v2\/product_brand?post=117492"},{"taxonomy":"product_cat","embeddable":true,"href":"https:\/\/casafreitas.pt\/loja\/wp-json\/wp\/v2\/product_cat?post=117492"},{"taxonomy":"product_tag","embeddable":true,"href":"https:\/\/casafreitas.pt\/loja\/wp-json\/wp\/v2\/product_tag?post=117492"}],"curies":[{"name":"wp","href":"https:\/\/api.w.org\/{rel}","templated":true}]}}