{"id":117459,"date":"2025-10-04T15:51:21","date_gmt":"2025-10-04T15:51:21","guid":{"rendered":"https:\/\/casafreitas.pt\/loja\/produto\/aspersor-impacto-setorial-comfort-75-490m%c2%b2-gardena\/"},"modified":"2025-10-24T07:10:59","modified_gmt":"2025-10-24T07:10:59","slug":"aspersor-impacto-setorial-comfort-75-490m%c2%b2-gardena","status":"publish","type":"product","link":"https:\/\/casafreitas.pt\/loja\/produto\/aspersor-impacto-setorial-comfort-75-490m%c2%b2-gardena\/","title":{"rendered":"Aspersor de impacto setorial comfort 75 a 490m\u00b2. gardena"},"content":{"rendered":"","protected":false},"excerpt":{"rendered":"<p>Aspersor de impacto sectorial gardena confort. material: polipropileno. com bloqueio de estaca. superf\u00edcie de irriga\u00e7\u00e3o de 75m\u00b2 at\u00e9 490m\u00b2. setor de irriga\u00e7\u00e3o 25\u00b0 a 360\u00b0<\/p>\n","protected":false},"featured_media":117458,"comment_status":"open","ping_status":"closed","template":"","meta":[],"product_brand":[],"product_cat":[17821,18009],"product_tag":[],"class_list":{"0":"post-117459","1":"product","2":"type-product","3":"status-publish","4":"has-post-thumbnail","6":"product_cat-aspersores-jardim-e-espaco-exterior","7":"product_cat-jardim-espaco-exterior","9":"first","10":"instock","11":"taxable","12":"shipping-taxable","13":"purchasable","14":"product-type-simple"},"_links":{"self":[{"href":"https:\/\/casafreitas.pt\/loja\/wp-json\/wp\/v2\/product\/117459","targetHints":{"allow":["GET"]}}],"collection":[{"href":"https:\/\/casafreitas.pt\/loja\/wp-json\/wp\/v2\/product"}],"about":[{"href":"https:\/\/casafreitas.pt\/loja\/wp-json\/wp\/v2\/types\/product"}],"replies":[{"embeddable":true,"href":"https:\/\/casafreitas.pt\/loja\/wp-json\/wp\/v2\/comments?post=117459"}],"version-history":[{"count":1,"href":"https:\/\/casafreitas.pt\/loja\/wp-json\/wp\/v2\/product\/117459\/revisions"}],"predecessor-version":[{"id":117460,"href":"https:\/\/casafreitas.pt\/loja\/wp-json\/wp\/v2\/product\/117459\/revisions\/117460"}],"wp:featuredmedia":[{"embeddable":true,"href":"https:\/\/casafreitas.pt\/loja\/wp-json\/wp\/v2\/media\/117458"}],"wp:attachment":[{"href":"https:\/\/casafreitas.pt\/loja\/wp-json\/wp\/v2\/media?parent=117459"}],"wp:term":[{"taxonomy":"product_brand","embeddable":true,"href":"https:\/\/casafreitas.pt\/loja\/wp-json\/wp\/v2\/product_brand?post=117459"},{"taxonomy":"product_cat","embeddable":true,"href":"https:\/\/casafreitas.pt\/loja\/wp-json\/wp\/v2\/product_cat?post=117459"},{"taxonomy":"product_tag","embeddable":true,"href":"https:\/\/casafreitas.pt\/loja\/wp-json\/wp\/v2\/product_tag?post=117459"}],"curies":[{"name":"wp","href":"https:\/\/api.w.org\/{rel}","templated":true}]}}