{"id":117453,"date":"2025-10-04T15:50:55","date_gmt":"2025-10-04T15:50:55","guid":{"rendered":"https:\/\/casafreitas.pt\/loja\/produto\/kit-mangueira-liano-xtreme-15m-1-2-gardena\/"},"modified":"2025-10-24T07:10:59","modified_gmt":"2025-10-24T07:10:59","slug":"kit-mangueira-liano-xtreme-15m-1-2-gardena","status":"publish","type":"product","link":"https:\/\/casafreitas.pt\/loja\/produto\/kit-mangueira-liano-xtreme-15m-1-2-gardena\/","title":{"rendered":"Kit de mangueira liano xtreme 15m, 1\/2&#8243; gardena"},"content":{"rendered":"","protected":false},"excerpt":{"rendered":"<p>Kit de mangueira liano cor cinza. comprimento 15m. \u00f813mm (1\/2&#8243;). completo, com liga\u00e7\u00f5es original gardena sistema, lan\u00e7a sprinkler e liga\u00e7\u00e3o torneira, 18200\/18202\/5305 e 18310. isento de ftalatos e metais pesados, resistente aos raios uv e gelo, repelente \u00e0 sujeira e n\u00e3o danos a cobertura externa em qualquer superf\u00edcie. gardena<\/p>\n","protected":false},"featured_media":117452,"comment_status":"open","ping_status":"closed","template":"","meta":[],"product_brand":[],"product_cat":[17843,18009],"product_tag":[],"class_list":{"0":"post-117453","1":"product","2":"type-product","3":"status-publish","4":"has-post-thumbnail","6":"product_cat-kits-de-mangueira-jardim-e-espaco-exterior","7":"product_cat-jardim-espaco-exterior","9":"first","10":"instock","11":"taxable","12":"shipping-taxable","13":"purchasable","14":"product-type-simple"},"_links":{"self":[{"href":"https:\/\/casafreitas.pt\/loja\/wp-json\/wp\/v2\/product\/117453","targetHints":{"allow":["GET"]}}],"collection":[{"href":"https:\/\/casafreitas.pt\/loja\/wp-json\/wp\/v2\/product"}],"about":[{"href":"https:\/\/casafreitas.pt\/loja\/wp-json\/wp\/v2\/types\/product"}],"replies":[{"embeddable":true,"href":"https:\/\/casafreitas.pt\/loja\/wp-json\/wp\/v2\/comments?post=117453"}],"version-history":[{"count":1,"href":"https:\/\/casafreitas.pt\/loja\/wp-json\/wp\/v2\/product\/117453\/revisions"}],"predecessor-version":[{"id":117454,"href":"https:\/\/casafreitas.pt\/loja\/wp-json\/wp\/v2\/product\/117453\/revisions\/117454"}],"wp:featuredmedia":[{"embeddable":true,"href":"https:\/\/casafreitas.pt\/loja\/wp-json\/wp\/v2\/media\/117452"}],"wp:attachment":[{"href":"https:\/\/casafreitas.pt\/loja\/wp-json\/wp\/v2\/media?parent=117453"}],"wp:term":[{"taxonomy":"product_brand","embeddable":true,"href":"https:\/\/casafreitas.pt\/loja\/wp-json\/wp\/v2\/product_brand?post=117453"},{"taxonomy":"product_cat","embeddable":true,"href":"https:\/\/casafreitas.pt\/loja\/wp-json\/wp\/v2\/product_cat?post=117453"},{"taxonomy":"product_tag","embeddable":true,"href":"https:\/\/casafreitas.pt\/loja\/wp-json\/wp\/v2\/product_tag?post=117453"}],"curies":[{"name":"wp","href":"https:\/\/api.w.org\/{rel}","templated":true}]}}