{"id":117351,"date":"2025-10-04T15:42:51","date_gmt":"2025-10-04T15:42:51","guid":{"rendered":"https:\/\/casafreitas.pt\/loja\/produto\/agulheta-ajustavel-latao-com-grip-borracha-rosca-femea-3-4-aqua-control\/"},"modified":"2025-10-24T07:10:55","modified_gmt":"2025-10-24T07:10:55","slug":"agulheta-ajustavel-latao-com-grip-borracha-rosca-femea-3-4-aqua-control","status":"publish","type":"product","link":"https:\/\/casafreitas.pt\/loja\/produto\/agulheta-ajustavel-latao-com-grip-borracha-rosca-femea-3-4-aqua-control\/","title":{"rendered":"Agulheta ajust\u00e1vel de lat\u00e3o com grip de borracha e rosca f\u00eamea de 3\/4&#8243; aqua control"},"content":{"rendered":"","protected":false},"excerpt":{"rendered":"<p>Agulheta ajust\u00e1vel de lat\u00e3o com grip de borracha e rosca f\u00eamea de 3\/4&#8243; aqua control<\/p>\n","protected":false},"featured_media":117350,"comment_status":"open","ping_status":"closed","template":"","meta":[],"product_brand":[],"product_cat":[13284,18009],"product_tag":[],"class_list":{"0":"post-117351","1":"product","2":"type-product","3":"status-publish","4":"has-post-thumbnail","6":"product_cat-acessorios-mangueiras","7":"product_cat-jardim-espaco-exterior","9":"first","10":"instock","11":"taxable","12":"shipping-taxable","13":"purchasable","14":"product-type-simple"},"_links":{"self":[{"href":"https:\/\/casafreitas.pt\/loja\/wp-json\/wp\/v2\/product\/117351","targetHints":{"allow":["GET"]}}],"collection":[{"href":"https:\/\/casafreitas.pt\/loja\/wp-json\/wp\/v2\/product"}],"about":[{"href":"https:\/\/casafreitas.pt\/loja\/wp-json\/wp\/v2\/types\/product"}],"replies":[{"embeddable":true,"href":"https:\/\/casafreitas.pt\/loja\/wp-json\/wp\/v2\/comments?post=117351"}],"version-history":[{"count":1,"href":"https:\/\/casafreitas.pt\/loja\/wp-json\/wp\/v2\/product\/117351\/revisions"}],"predecessor-version":[{"id":117352,"href":"https:\/\/casafreitas.pt\/loja\/wp-json\/wp\/v2\/product\/117351\/revisions\/117352"}],"wp:featuredmedia":[{"embeddable":true,"href":"https:\/\/casafreitas.pt\/loja\/wp-json\/wp\/v2\/media\/117350"}],"wp:attachment":[{"href":"https:\/\/casafreitas.pt\/loja\/wp-json\/wp\/v2\/media?parent=117351"}],"wp:term":[{"taxonomy":"product_brand","embeddable":true,"href":"https:\/\/casafreitas.pt\/loja\/wp-json\/wp\/v2\/product_brand?post=117351"},{"taxonomy":"product_cat","embeddable":true,"href":"https:\/\/casafreitas.pt\/loja\/wp-json\/wp\/v2\/product_cat?post=117351"},{"taxonomy":"product_tag","embeddable":true,"href":"https:\/\/casafreitas.pt\/loja\/wp-json\/wp\/v2\/product_tag?post=117351"}],"curies":[{"name":"wp","href":"https:\/\/api.w.org\/{rel}","templated":true}]}}