{"id":117315,"date":"2025-10-04T15:36:30","date_gmt":"2025-10-04T15:36:30","guid":{"rendered":"https:\/\/casafreitas.pt\/loja\/produto\/adaptador-para-torneira-femea-1-latao-aqua-control\/"},"modified":"2025-10-24T07:10:54","modified_gmt":"2025-10-24T07:10:54","slug":"adaptador-para-torneira-femea-1-latao-aqua-control","status":"publish","type":"product","link":"https:\/\/casafreitas.pt\/loja\/produto\/adaptador-para-torneira-femea-1-latao-aqua-control\/","title":{"rendered":"Adaptador para torneira f\u00eamea de 1&#8243; lat\u00e3o aqua control"},"content":{"rendered":"","protected":false},"excerpt":{"rendered":"<p>Adaptador para torneira f\u00eamea de 1&#8243; lat\u00e3o aqua control<\/p>\n","protected":false},"featured_media":117314,"comment_status":"open","ping_status":"closed","template":"","meta":[],"product_brand":[],"product_cat":[17831,18009],"product_tag":[],"class_list":{"0":"post-117315","1":"product","2":"type-product","3":"status-publish","4":"has-post-thumbnail","6":"product_cat-conectores-de-mangueira-jardim-e-espaco-exterior","7":"product_cat-jardim-espaco-exterior","9":"first","10":"instock","11":"taxable","12":"shipping-taxable","13":"purchasable","14":"product-type-simple"},"_links":{"self":[{"href":"https:\/\/casafreitas.pt\/loja\/wp-json\/wp\/v2\/product\/117315","targetHints":{"allow":["GET"]}}],"collection":[{"href":"https:\/\/casafreitas.pt\/loja\/wp-json\/wp\/v2\/product"}],"about":[{"href":"https:\/\/casafreitas.pt\/loja\/wp-json\/wp\/v2\/types\/product"}],"replies":[{"embeddable":true,"href":"https:\/\/casafreitas.pt\/loja\/wp-json\/wp\/v2\/comments?post=117315"}],"version-history":[{"count":1,"href":"https:\/\/casafreitas.pt\/loja\/wp-json\/wp\/v2\/product\/117315\/revisions"}],"predecessor-version":[{"id":117316,"href":"https:\/\/casafreitas.pt\/loja\/wp-json\/wp\/v2\/product\/117315\/revisions\/117316"}],"wp:featuredmedia":[{"embeddable":true,"href":"https:\/\/casafreitas.pt\/loja\/wp-json\/wp\/v2\/media\/117314"}],"wp:attachment":[{"href":"https:\/\/casafreitas.pt\/loja\/wp-json\/wp\/v2\/media?parent=117315"}],"wp:term":[{"taxonomy":"product_brand","embeddable":true,"href":"https:\/\/casafreitas.pt\/loja\/wp-json\/wp\/v2\/product_brand?post=117315"},{"taxonomy":"product_cat","embeddable":true,"href":"https:\/\/casafreitas.pt\/loja\/wp-json\/wp\/v2\/product_cat?post=117315"},{"taxonomy":"product_tag","embeddable":true,"href":"https:\/\/casafreitas.pt\/loja\/wp-json\/wp\/v2\/product_tag?post=117315"}],"curies":[{"name":"wp","href":"https:\/\/api.w.org\/{rel}","templated":true}]}}