{"id":117291,"date":"2025-10-04T15:34:35","date_gmt":"2025-10-04T15:34:35","guid":{"rendered":"https:\/\/casafreitas.pt\/loja\/produto\/programador-para-torneira-select-controller-hozelock-2220-1240-hozelock\/"},"modified":"2025-10-24T07:10:53","modified_gmt":"2025-10-24T07:10:53","slug":"programador-para-torneira-select-controller-hozelock-2220-1240-hozelock","status":"publish","type":"product","link":"https:\/\/casafreitas.pt\/loja\/produto\/programador-para-torneira-select-controller-hozelock-2220-1240-hozelock\/","title":{"rendered":"Programador para torneira select controller hozelock 2220 1240 hozelock"},"content":{"rendered":"","protected":false},"excerpt":{"rendered":"<p>Programador para torneira select controller hozelock 2220 1240 hozelock. programador de rega com baterias (n\u00e3o inclu\u00eddas) para regar automaticamente o jardim. principais vantagens: leve e f\u00e1cil de usar. 16 programas pr\u00e9-definidos para controlar a rega. desde uma vez por semana at\u00e9 4 vezes ao dia. fun\u00e7\u00e3o rega manual que lhe permite regar quando necessita. funciona com pilhas pelo que a configura\u00e7\u00e3o \u00e9 muito simples. pode us\u00e1-lo com um dep\u00f3sito de recupera\u00e7\u00e3o de \u00e1gua. funciona com v\u00e1rias conex\u00f5es para adaptar-se \u00e0 sua torneira<\/p>\n","protected":false},"featured_media":117290,"comment_status":"open","ping_status":"closed","template":"","meta":[],"product_brand":[],"product_cat":[17853,18009],"product_tag":[],"class_list":{"0":"post-117291","1":"product","2":"type-product","3":"status-publish","4":"has-post-thumbnail","6":"product_cat-programadores-de-irrigacao-jardim-e-espaco-exterior","7":"product_cat-jardim-espaco-exterior","9":"first","10":"instock","11":"taxable","12":"shipping-taxable","13":"purchasable","14":"product-type-simple"},"_links":{"self":[{"href":"https:\/\/casafreitas.pt\/loja\/wp-json\/wp\/v2\/product\/117291","targetHints":{"allow":["GET"]}}],"collection":[{"href":"https:\/\/casafreitas.pt\/loja\/wp-json\/wp\/v2\/product"}],"about":[{"href":"https:\/\/casafreitas.pt\/loja\/wp-json\/wp\/v2\/types\/product"}],"replies":[{"embeddable":true,"href":"https:\/\/casafreitas.pt\/loja\/wp-json\/wp\/v2\/comments?post=117291"}],"version-history":[{"count":1,"href":"https:\/\/casafreitas.pt\/loja\/wp-json\/wp\/v2\/product\/117291\/revisions"}],"predecessor-version":[{"id":117292,"href":"https:\/\/casafreitas.pt\/loja\/wp-json\/wp\/v2\/product\/117291\/revisions\/117292"}],"wp:featuredmedia":[{"embeddable":true,"href":"https:\/\/casafreitas.pt\/loja\/wp-json\/wp\/v2\/media\/117290"}],"wp:attachment":[{"href":"https:\/\/casafreitas.pt\/loja\/wp-json\/wp\/v2\/media?parent=117291"}],"wp:term":[{"taxonomy":"product_brand","embeddable":true,"href":"https:\/\/casafreitas.pt\/loja\/wp-json\/wp\/v2\/product_brand?post=117291"},{"taxonomy":"product_cat","embeddable":true,"href":"https:\/\/casafreitas.pt\/loja\/wp-json\/wp\/v2\/product_cat?post=117291"},{"taxonomy":"product_tag","embeddable":true,"href":"https:\/\/casafreitas.pt\/loja\/wp-json\/wp\/v2\/product_tag?post=117291"}],"curies":[{"name":"wp","href":"https:\/\/api.w.org\/{rel}","templated":true}]}}