{"id":117237,"date":"2025-10-04T15:30:25","date_gmt":"2025-10-04T15:30:25","guid":{"rendered":"https:\/\/casafreitas.pt\/loja\/produto\/vaporizador-pulverizador-15-l-dimartino\/"},"modified":"2025-10-24T07:10:52","modified_gmt":"2025-10-24T07:10:52","slug":"vaporizador-pulverizador-15-l-dimartino","status":"publish","type":"product","link":"https:\/\/casafreitas.pt\/loja\/produto\/vaporizador-pulverizador-15-l-dimartino\/","title":{"rendered":"Vaporizador &#8211; pulverizador 1,5 l dimartino"},"content":{"rendered":"","protected":false},"excerpt":{"rendered":"<p>Vaporizador &#8211; pulverizador 1,5 l, dimartino. haste de a\u00e7o, v\u00e1lvula que mant\u00e9m press\u00e3o por tempo longo, canudo susbstitu\u00edvel, bico ajust\u00e1vel, molas de a\u00e7o inoxidav\u00e9l, trava de seguran\u00e7a, nebuliza\u00e7\u00e3o uniformes, furo calibrado, altura de pulveriza\u00e7\u00e3o 400cm, \u00e2ngulo de jato 60\u00b0, 2 bar<\/p>\n","protected":false},"featured_media":117236,"comment_status":"open","ping_status":"closed","template":"","meta":[],"product_brand":[],"product_cat":[17855,18009],"product_tag":[],"class_list":{"0":"post-117237","1":"product","2":"type-product","3":"status-publish","4":"has-post-thumbnail","6":"product_cat-pulverizadores-jardim-e-espaco-exterior","7":"product_cat-jardim-espaco-exterior","9":"first","10":"instock","11":"taxable","12":"shipping-taxable","13":"purchasable","14":"product-type-simple"},"_links":{"self":[{"href":"https:\/\/casafreitas.pt\/loja\/wp-json\/wp\/v2\/product\/117237","targetHints":{"allow":["GET"]}}],"collection":[{"href":"https:\/\/casafreitas.pt\/loja\/wp-json\/wp\/v2\/product"}],"about":[{"href":"https:\/\/casafreitas.pt\/loja\/wp-json\/wp\/v2\/types\/product"}],"replies":[{"embeddable":true,"href":"https:\/\/casafreitas.pt\/loja\/wp-json\/wp\/v2\/comments?post=117237"}],"version-history":[{"count":1,"href":"https:\/\/casafreitas.pt\/loja\/wp-json\/wp\/v2\/product\/117237\/revisions"}],"predecessor-version":[{"id":117238,"href":"https:\/\/casafreitas.pt\/loja\/wp-json\/wp\/v2\/product\/117237\/revisions\/117238"}],"wp:featuredmedia":[{"embeddable":true,"href":"https:\/\/casafreitas.pt\/loja\/wp-json\/wp\/v2\/media\/117236"}],"wp:attachment":[{"href":"https:\/\/casafreitas.pt\/loja\/wp-json\/wp\/v2\/media?parent=117237"}],"wp:term":[{"taxonomy":"product_brand","embeddable":true,"href":"https:\/\/casafreitas.pt\/loja\/wp-json\/wp\/v2\/product_brand?post=117237"},{"taxonomy":"product_cat","embeddable":true,"href":"https:\/\/casafreitas.pt\/loja\/wp-json\/wp\/v2\/product_cat?post=117237"},{"taxonomy":"product_tag","embeddable":true,"href":"https:\/\/casafreitas.pt\/loja\/wp-json\/wp\/v2\/product_tag?post=117237"}],"curies":[{"name":"wp","href":"https:\/\/api.w.org\/{rel}","templated":true}]}}