{"id":117231,"date":"2025-10-04T15:29:58","date_gmt":"2025-10-04T15:29:58","guid":{"rendered":"https:\/\/casafreitas.pt\/loja\/produto\/vaporizador-pulverizador-0-5-l-dimartino\/"},"modified":"2025-10-24T07:10:52","modified_gmt":"2025-10-24T07:10:52","slug":"vaporizador-pulverizador-0-5-l-dimartino","status":"publish","type":"product","link":"https:\/\/casafreitas.pt\/loja\/produto\/vaporizador-pulverizador-0-5-l-dimartino\/","title":{"rendered":"Vaporizador &#8211; pulverizador 0.5 l dimartino"},"content":{"rendered":"","protected":false},"excerpt":{"rendered":"<p>Vaporizador &#8211; pulverizador 0.5 l dimartino dimens\u00f5es 40x40x26,5cm (largura\/profundidade\/altura) altura de pulveriza\u00e7\u00e3o 350cm, \u00e2ngulo de jato 60\u00b0, comprimento aerossol 700cm<\/p>\n","protected":false},"featured_media":117230,"comment_status":"open","ping_status":"closed","template":"","meta":[],"product_brand":[],"product_cat":[17855,18009],"product_tag":[],"class_list":{"0":"post-117231","1":"product","2":"type-product","3":"status-publish","4":"has-post-thumbnail","6":"product_cat-pulverizadores-jardim-e-espaco-exterior","7":"product_cat-jardim-espaco-exterior","9":"first","10":"instock","11":"taxable","12":"shipping-taxable","13":"purchasable","14":"product-type-simple"},"_links":{"self":[{"href":"https:\/\/casafreitas.pt\/loja\/wp-json\/wp\/v2\/product\/117231","targetHints":{"allow":["GET"]}}],"collection":[{"href":"https:\/\/casafreitas.pt\/loja\/wp-json\/wp\/v2\/product"}],"about":[{"href":"https:\/\/casafreitas.pt\/loja\/wp-json\/wp\/v2\/types\/product"}],"replies":[{"embeddable":true,"href":"https:\/\/casafreitas.pt\/loja\/wp-json\/wp\/v2\/comments?post=117231"}],"version-history":[{"count":1,"href":"https:\/\/casafreitas.pt\/loja\/wp-json\/wp\/v2\/product\/117231\/revisions"}],"predecessor-version":[{"id":117232,"href":"https:\/\/casafreitas.pt\/loja\/wp-json\/wp\/v2\/product\/117231\/revisions\/117232"}],"wp:featuredmedia":[{"embeddable":true,"href":"https:\/\/casafreitas.pt\/loja\/wp-json\/wp\/v2\/media\/117230"}],"wp:attachment":[{"href":"https:\/\/casafreitas.pt\/loja\/wp-json\/wp\/v2\/media?parent=117231"}],"wp:term":[{"taxonomy":"product_brand","embeddable":true,"href":"https:\/\/casafreitas.pt\/loja\/wp-json\/wp\/v2\/product_brand?post=117231"},{"taxonomy":"product_cat","embeddable":true,"href":"https:\/\/casafreitas.pt\/loja\/wp-json\/wp\/v2\/product_cat?post=117231"},{"taxonomy":"product_tag","embeddable":true,"href":"https:\/\/casafreitas.pt\/loja\/wp-json\/wp\/v2\/product_tag?post=117231"}],"curies":[{"name":"wp","href":"https:\/\/api.w.org\/{rel}","templated":true}]}}