{"id":117222,"date":"2025-10-04T15:29:18","date_gmt":"2025-10-04T15:29:18","guid":{"rendered":"https:\/\/casafreitas.pt\/loja\/produto\/mangueira-agricola-50-m-3-4-19-mm\/"},"modified":"2025-10-24T07:10:51","modified_gmt":"2025-10-24T07:10:51","slug":"mangueira-agricola-50-m-3-4-19-mm","status":"publish","type":"product","link":"https:\/\/casafreitas.pt\/loja\/produto\/mangueira-agricola-50-m-3-4-19-mm\/","title":{"rendered":"Mangueira agr\u00edcola 50 m (3\/4&#8243; 19 mm)"},"content":{"rendered":"","protected":false},"excerpt":{"rendered":"<p>Mangueira agr\u00edcola 50 m (3\/4&#8243; 19 mm), cor amarela, mangueira flex\u00edvel em pvc, anti-tor\u00e7\u00e3o, 3 camadas, press\u00e3o m\u00e1xima: 25 bar. resistente aos uv. tratamento anti-algas. temperatura de utiliza\u00e7\u00e3o: -10\u00b0\/+60\u00b0<\/p>\n","protected":false},"featured_media":117221,"comment_status":"open","ping_status":"closed","template":"","meta":[],"product_brand":[],"product_cat":[17600,18009],"product_tag":[],"class_list":{"0":"post-117222","1":"product","2":"type-product","3":"status-publish","4":"has-post-thumbnail","6":"product_cat-mangueiras-construcao","7":"product_cat-jardim-espaco-exterior","9":"first","10":"instock","11":"taxable","12":"shipping-taxable","13":"purchasable","14":"product-type-simple"},"_links":{"self":[{"href":"https:\/\/casafreitas.pt\/loja\/wp-json\/wp\/v2\/product\/117222","targetHints":{"allow":["GET"]}}],"collection":[{"href":"https:\/\/casafreitas.pt\/loja\/wp-json\/wp\/v2\/product"}],"about":[{"href":"https:\/\/casafreitas.pt\/loja\/wp-json\/wp\/v2\/types\/product"}],"replies":[{"embeddable":true,"href":"https:\/\/casafreitas.pt\/loja\/wp-json\/wp\/v2\/comments?post=117222"}],"version-history":[{"count":1,"href":"https:\/\/casafreitas.pt\/loja\/wp-json\/wp\/v2\/product\/117222\/revisions"}],"predecessor-version":[{"id":117223,"href":"https:\/\/casafreitas.pt\/loja\/wp-json\/wp\/v2\/product\/117222\/revisions\/117223"}],"wp:featuredmedia":[{"embeddable":true,"href":"https:\/\/casafreitas.pt\/loja\/wp-json\/wp\/v2\/media\/117221"}],"wp:attachment":[{"href":"https:\/\/casafreitas.pt\/loja\/wp-json\/wp\/v2\/media?parent=117222"}],"wp:term":[{"taxonomy":"product_brand","embeddable":true,"href":"https:\/\/casafreitas.pt\/loja\/wp-json\/wp\/v2\/product_brand?post=117222"},{"taxonomy":"product_cat","embeddable":true,"href":"https:\/\/casafreitas.pt\/loja\/wp-json\/wp\/v2\/product_cat?post=117222"},{"taxonomy":"product_tag","embeddable":true,"href":"https:\/\/casafreitas.pt\/loja\/wp-json\/wp\/v2\/product_tag?post=117222"}],"curies":[{"name":"wp","href":"https:\/\/api.w.org\/{rel}","templated":true}]}}