{"id":117183,"date":"2025-10-04T15:26:22","date_gmt":"2025-10-04T15:26:22","guid":{"rendered":"https:\/\/casafreitas.pt\/loja\/produto\/caudalimetro-digital-conexao-rh-3-4-c2500-aqua-control\/"},"modified":"2025-10-24T07:10:50","modified_gmt":"2025-10-24T07:10:50","slug":"caudalimetro-digital-conexao-rh-3-4-c2500-aqua-control","status":"publish","type":"product","link":"https:\/\/casafreitas.pt\/loja\/produto\/caudalimetro-digital-conexao-rh-3-4-c2500-aqua-control\/","title":{"rendered":"Caudal\u00edmetro digital conex\u00e3o rh 3\/4&#8243; c2500 aqua control"},"content":{"rendered":"","protected":false},"excerpt":{"rendered":"<p>Caudal\u00edmetro digital conex\u00e3o rh 3\/4&#8243; c2500 aqua control. caudal\u00edmetro digital conex\u00e3o rh 3\/4&#8243; muito \u00fatil para rega controlada em hortas e jardins. com indicador de bateria fraca. medi\u00e7\u00e3o m\u00e1xima 99999l, incorpora filtro met\u00e1lico. com pilha cr2023 inclu\u00edda. ecr\u00e3 lcd, ipx6<\/p>\n","protected":false},"featured_media":117182,"comment_status":"open","ping_status":"closed","template":"","meta":[],"product_brand":[],"product_cat":[17853,18009],"product_tag":[],"class_list":{"0":"post-117183","1":"product","2":"type-product","3":"status-publish","4":"has-post-thumbnail","6":"product_cat-programadores-de-irrigacao-jardim-e-espaco-exterior","7":"product_cat-jardim-espaco-exterior","9":"first","10":"instock","11":"taxable","12":"shipping-taxable","13":"purchasable","14":"product-type-simple"},"_links":{"self":[{"href":"https:\/\/casafreitas.pt\/loja\/wp-json\/wp\/v2\/product\/117183","targetHints":{"allow":["GET"]}}],"collection":[{"href":"https:\/\/casafreitas.pt\/loja\/wp-json\/wp\/v2\/product"}],"about":[{"href":"https:\/\/casafreitas.pt\/loja\/wp-json\/wp\/v2\/types\/product"}],"replies":[{"embeddable":true,"href":"https:\/\/casafreitas.pt\/loja\/wp-json\/wp\/v2\/comments?post=117183"}],"version-history":[{"count":1,"href":"https:\/\/casafreitas.pt\/loja\/wp-json\/wp\/v2\/product\/117183\/revisions"}],"predecessor-version":[{"id":117184,"href":"https:\/\/casafreitas.pt\/loja\/wp-json\/wp\/v2\/product\/117183\/revisions\/117184"}],"wp:featuredmedia":[{"embeddable":true,"href":"https:\/\/casafreitas.pt\/loja\/wp-json\/wp\/v2\/media\/117182"}],"wp:attachment":[{"href":"https:\/\/casafreitas.pt\/loja\/wp-json\/wp\/v2\/media?parent=117183"}],"wp:term":[{"taxonomy":"product_brand","embeddable":true,"href":"https:\/\/casafreitas.pt\/loja\/wp-json\/wp\/v2\/product_brand?post=117183"},{"taxonomy":"product_cat","embeddable":true,"href":"https:\/\/casafreitas.pt\/loja\/wp-json\/wp\/v2\/product_cat?post=117183"},{"taxonomy":"product_tag","embeddable":true,"href":"https:\/\/casafreitas.pt\/loja\/wp-json\/wp\/v2\/product_tag?post=117183"}],"curies":[{"name":"wp","href":"https:\/\/api.w.org\/{rel}","templated":true}]}}