{"id":117153,"date":"2025-10-04T15:24:03","date_gmt":"2025-10-04T15:24:03","guid":{"rendered":"https:\/\/casafreitas.pt\/loja\/produto\/kit-mangueiras-jardim-estandar-15-m-3-4-19-mm\/"},"modified":"2025-10-24T07:10:49","modified_gmt":"2025-10-24T07:10:49","slug":"kit-mangueiras-jardim-estandar-15-m-3-4-19-mm","status":"publish","type":"product","link":"https:\/\/casafreitas.pt\/loja\/produto\/kit-mangueiras-jardim-estandar-15-m-3-4-19-mm\/","title":{"rendered":"Kit de mangueiras de jardim estandar 15 m (3\/4&#8243; 19 mm)"},"content":{"rendered":"","protected":false},"excerpt":{"rendered":"<p>Kit mangueira de jardim 15 m (3\/4&#8243; 19 mm), verde fluorescente, mangueira flex\u00edvel em pvc, 3 camadas, press\u00e3o m\u00e1xima: 25 bar. tratamento anti-algas. temperatura de utiliza\u00e7\u00e3o: -10\u00b0\/+60\u00b0. com acess\u00f3rios<\/p>\n","protected":false},"featured_media":117152,"comment_status":"open","ping_status":"closed","template":"","meta":[],"product_brand":[],"product_cat":[17843,18009],"product_tag":[],"class_list":{"0":"post-117153","1":"product","2":"type-product","3":"status-publish","4":"has-post-thumbnail","6":"product_cat-kits-de-mangueira-jardim-e-espaco-exterior","7":"product_cat-jardim-espaco-exterior","9":"first","10":"instock","11":"taxable","12":"shipping-taxable","13":"purchasable","14":"product-type-simple"},"_links":{"self":[{"href":"https:\/\/casafreitas.pt\/loja\/wp-json\/wp\/v2\/product\/117153","targetHints":{"allow":["GET"]}}],"collection":[{"href":"https:\/\/casafreitas.pt\/loja\/wp-json\/wp\/v2\/product"}],"about":[{"href":"https:\/\/casafreitas.pt\/loja\/wp-json\/wp\/v2\/types\/product"}],"replies":[{"embeddable":true,"href":"https:\/\/casafreitas.pt\/loja\/wp-json\/wp\/v2\/comments?post=117153"}],"version-history":[{"count":1,"href":"https:\/\/casafreitas.pt\/loja\/wp-json\/wp\/v2\/product\/117153\/revisions"}],"predecessor-version":[{"id":117154,"href":"https:\/\/casafreitas.pt\/loja\/wp-json\/wp\/v2\/product\/117153\/revisions\/117154"}],"wp:featuredmedia":[{"embeddable":true,"href":"https:\/\/casafreitas.pt\/loja\/wp-json\/wp\/v2\/media\/117152"}],"wp:attachment":[{"href":"https:\/\/casafreitas.pt\/loja\/wp-json\/wp\/v2\/media?parent=117153"}],"wp:term":[{"taxonomy":"product_brand","embeddable":true,"href":"https:\/\/casafreitas.pt\/loja\/wp-json\/wp\/v2\/product_brand?post=117153"},{"taxonomy":"product_cat","embeddable":true,"href":"https:\/\/casafreitas.pt\/loja\/wp-json\/wp\/v2\/product_cat?post=117153"},{"taxonomy":"product_tag","embeddable":true,"href":"https:\/\/casafreitas.pt\/loja\/wp-json\/wp\/v2\/product_tag?post=117153"}],"curies":[{"name":"wp","href":"https:\/\/api.w.org\/{rel}","templated":true}]}}