{"id":117111,"date":"2025-10-04T15:20:46","date_gmt":"2025-10-04T15:20:46","guid":{"rendered":"https:\/\/casafreitas.pt\/loja\/produto\/uniao-para-tubo-16mm-conexao-automatica-em-saco-zip-2-unidades-908502-aqua-control\/"},"modified":"2025-10-24T07:10:46","modified_gmt":"2025-10-24T07:10:46","slug":"uniao-para-tubo-16mm-conexao-automatica-em-saco-zip-2-unidades-908502-aqua-control","status":"publish","type":"product","link":"https:\/\/casafreitas.pt\/loja\/produto\/uniao-para-tubo-16mm-conexao-automatica-em-saco-zip-2-unidades-908502-aqua-control\/","title":{"rendered":"Uni\u00e3o para tubo de 16mm a conex\u00e3o autom\u00e1tica em saco zip 2 unidades 908502 aqua control"},"content":{"rendered":"","protected":false},"excerpt":{"rendered":"<p>Uni\u00e3o para tubo de 16mm a conex\u00e3o autom\u00e1tica em saco zip 2 unidades 908502 aqua control<\/p>\n","protected":false},"featured_media":117110,"comment_status":"open","ping_status":"closed","template":"","meta":[],"product_brand":[],"product_cat":[17849,18009],"product_tag":[],"class_list":{"0":"post-117111","1":"product","2":"type-product","3":"status-publish","4":"has-post-thumbnail","6":"product_cat-micro-irrigacao-jardim-e-espaco-exterior","7":"product_cat-jardim-espaco-exterior","9":"first","10":"instock","11":"taxable","12":"shipping-taxable","13":"purchasable","14":"product-type-simple"},"_links":{"self":[{"href":"https:\/\/casafreitas.pt\/loja\/wp-json\/wp\/v2\/product\/117111","targetHints":{"allow":["GET"]}}],"collection":[{"href":"https:\/\/casafreitas.pt\/loja\/wp-json\/wp\/v2\/product"}],"about":[{"href":"https:\/\/casafreitas.pt\/loja\/wp-json\/wp\/v2\/types\/product"}],"replies":[{"embeddable":true,"href":"https:\/\/casafreitas.pt\/loja\/wp-json\/wp\/v2\/comments?post=117111"}],"version-history":[{"count":1,"href":"https:\/\/casafreitas.pt\/loja\/wp-json\/wp\/v2\/product\/117111\/revisions"}],"predecessor-version":[{"id":117112,"href":"https:\/\/casafreitas.pt\/loja\/wp-json\/wp\/v2\/product\/117111\/revisions\/117112"}],"wp:featuredmedia":[{"embeddable":true,"href":"https:\/\/casafreitas.pt\/loja\/wp-json\/wp\/v2\/media\/117110"}],"wp:attachment":[{"href":"https:\/\/casafreitas.pt\/loja\/wp-json\/wp\/v2\/media?parent=117111"}],"wp:term":[{"taxonomy":"product_brand","embeddable":true,"href":"https:\/\/casafreitas.pt\/loja\/wp-json\/wp\/v2\/product_brand?post=117111"},{"taxonomy":"product_cat","embeddable":true,"href":"https:\/\/casafreitas.pt\/loja\/wp-json\/wp\/v2\/product_cat?post=117111"},{"taxonomy":"product_tag","embeddable":true,"href":"https:\/\/casafreitas.pt\/loja\/wp-json\/wp\/v2\/product_tag?post=117111"}],"curies":[{"name":"wp","href":"https:\/\/api.w.org\/{rel}","templated":true}]}}