{"id":117072,"date":"2025-10-04T15:17:47","date_gmt":"2025-10-04T15:17:47","guid":{"rendered":"https:\/\/casafreitas.pt\/loja\/produto\/carrinho-suporte-para-mangueira-especial-terracos-10m-aqua-control\/"},"modified":"2025-10-24T07:10:45","modified_gmt":"2025-10-24T07:10:45","slug":"carrinho-suporte-para-mangueira-especial-terracos-10m-aqua-control","status":"publish","type":"product","link":"https:\/\/casafreitas.pt\/loja\/produto\/carrinho-suporte-para-mangueira-especial-terracos-10m-aqua-control\/","title":{"rendered":"Carrinho suporte para mangueira especial terra\u00e7os 10m aqua control"},"content":{"rendered":"","protected":false},"excerpt":{"rendered":"<p>Carrinho suporte para mangueira especial terra\u00e7os 10m aqua control. cont\u00e9m 10m de mangueira de pvc de \u00f88mm, 2 conex\u00f5es autom\u00e1ticas, 1 adaptador f\u00eamea, pistola com 7 modos de rega. medidas: 15x14x25cm (largura\/profundidade\/altura)<\/p>\n","protected":false},"featured_media":117071,"comment_status":"open","ping_status":"closed","template":"","meta":[],"product_brand":[],"product_cat":[17828,18009],"product_tag":[],"class_list":{"0":"post-117072","1":"product","2":"type-product","3":"status-publish","4":"has-post-thumbnail","6":"product_cat-carretel-de-mangueira-carrinho-jardim-e-espaco-exterior","7":"product_cat-jardim-espaco-exterior","9":"first","10":"instock","11":"taxable","12":"shipping-taxable","13":"purchasable","14":"product-type-simple"},"_links":{"self":[{"href":"https:\/\/casafreitas.pt\/loja\/wp-json\/wp\/v2\/product\/117072","targetHints":{"allow":["GET"]}}],"collection":[{"href":"https:\/\/casafreitas.pt\/loja\/wp-json\/wp\/v2\/product"}],"about":[{"href":"https:\/\/casafreitas.pt\/loja\/wp-json\/wp\/v2\/types\/product"}],"replies":[{"embeddable":true,"href":"https:\/\/casafreitas.pt\/loja\/wp-json\/wp\/v2\/comments?post=117072"}],"version-history":[{"count":1,"href":"https:\/\/casafreitas.pt\/loja\/wp-json\/wp\/v2\/product\/117072\/revisions"}],"predecessor-version":[{"id":117073,"href":"https:\/\/casafreitas.pt\/loja\/wp-json\/wp\/v2\/product\/117072\/revisions\/117073"}],"wp:featuredmedia":[{"embeddable":true,"href":"https:\/\/casafreitas.pt\/loja\/wp-json\/wp\/v2\/media\/117071"}],"wp:attachment":[{"href":"https:\/\/casafreitas.pt\/loja\/wp-json\/wp\/v2\/media?parent=117072"}],"wp:term":[{"taxonomy":"product_brand","embeddable":true,"href":"https:\/\/casafreitas.pt\/loja\/wp-json\/wp\/v2\/product_brand?post=117072"},{"taxonomy":"product_cat","embeddable":true,"href":"https:\/\/casafreitas.pt\/loja\/wp-json\/wp\/v2\/product_cat?post=117072"},{"taxonomy":"product_tag","embeddable":true,"href":"https:\/\/casafreitas.pt\/loja\/wp-json\/wp\/v2\/product_tag?post=117072"}],"curies":[{"name":"wp","href":"https:\/\/api.w.org\/{rel}","templated":true}]}}