{"id":117069,"date":"2025-10-04T15:17:33","date_gmt":"2025-10-04T15:17:33","guid":{"rendered":"https:\/\/casafreitas.pt\/loja\/produto\/mangueira-extensivel-22-m\/"},"modified":"2025-10-24T07:10:45","modified_gmt":"2025-10-24T07:10:45","slug":"mangueira-extensivel-22-m","status":"publish","type":"product","link":"https:\/\/casafreitas.pt\/loja\/produto\/mangueira-extensivel-22-m\/","title":{"rendered":"Mangueira extens\u00edvel 22 m"},"content":{"rendered":"","protected":false},"excerpt":{"rendered":"<p>Mangueira extens\u00edvel 22 m. leve. inclui 2 conectores r\u00e1pidos, adaptador de torneira de 3\/4&#8243; &#8211; 1\/2&#8243; e pistola com 7 maneiras de rega. 6 bar. pronto para usar. com links anti-quebra. f\u00e1cil de usar. n\u00e3o faz n\u00f3s.<\/p>\n","protected":false},"featured_media":117068,"comment_status":"open","ping_status":"closed","template":"","meta":[],"product_brand":[],"product_cat":[17843,18009],"product_tag":[],"class_list":{"0":"post-117069","1":"product","2":"type-product","3":"status-publish","4":"has-post-thumbnail","6":"product_cat-kits-de-mangueira-jardim-e-espaco-exterior","7":"product_cat-jardim-espaco-exterior","9":"first","10":"instock","11":"taxable","12":"shipping-taxable","13":"purchasable","14":"product-type-simple"},"_links":{"self":[{"href":"https:\/\/casafreitas.pt\/loja\/wp-json\/wp\/v2\/product\/117069","targetHints":{"allow":["GET"]}}],"collection":[{"href":"https:\/\/casafreitas.pt\/loja\/wp-json\/wp\/v2\/product"}],"about":[{"href":"https:\/\/casafreitas.pt\/loja\/wp-json\/wp\/v2\/types\/product"}],"replies":[{"embeddable":true,"href":"https:\/\/casafreitas.pt\/loja\/wp-json\/wp\/v2\/comments?post=117069"}],"version-history":[{"count":1,"href":"https:\/\/casafreitas.pt\/loja\/wp-json\/wp\/v2\/product\/117069\/revisions"}],"predecessor-version":[{"id":117070,"href":"https:\/\/casafreitas.pt\/loja\/wp-json\/wp\/v2\/product\/117069\/revisions\/117070"}],"wp:featuredmedia":[{"embeddable":true,"href":"https:\/\/casafreitas.pt\/loja\/wp-json\/wp\/v2\/media\/117068"}],"wp:attachment":[{"href":"https:\/\/casafreitas.pt\/loja\/wp-json\/wp\/v2\/media?parent=117069"}],"wp:term":[{"taxonomy":"product_brand","embeddable":true,"href":"https:\/\/casafreitas.pt\/loja\/wp-json\/wp\/v2\/product_brand?post=117069"},{"taxonomy":"product_cat","embeddable":true,"href":"https:\/\/casafreitas.pt\/loja\/wp-json\/wp\/v2\/product_cat?post=117069"},{"taxonomy":"product_tag","embeddable":true,"href":"https:\/\/casafreitas.pt\/loja\/wp-json\/wp\/v2\/product_tag?post=117069"}],"curies":[{"name":"wp","href":"https:\/\/api.w.org\/{rel}","templated":true}]}}