{"id":117042,"date":"2025-10-04T15:15:29","date_gmt":"2025-10-04T15:15:29","guid":{"rendered":"https:\/\/casafreitas.pt\/loja\/produto\/carro-suporte-com-enrolador-mangueira-aquaviva-d89400000-claber\/"},"modified":"2025-10-31T22:21:20","modified_gmt":"2025-10-31T22:21:20","slug":"carro-suporte-com-enrolador-mangueira-aquaviva-d89400000-claber","status":"publish","type":"product","link":"https:\/\/casafreitas.pt\/loja\/produto\/carro-suporte-com-enrolador-mangueira-aquaviva-d89400000-claber\/","title":{"rendered":"Carro suporte com enrolador de mangueira aquaviva d89400000 claber"},"content":{"rendered":"","protected":false},"excerpt":{"rendered":"<p>Carro suporte com enrolador de mangueira aquaviva d89400000 claber. carro suporte com enrolador de mangueira de alum\u00ednio resistente \u00e0 corros\u00e3o. capacidade para 60m de mangueira de\u00f812,5mm (1\/2&#8243;) e para 50m de mangueira de \u00f815mm (5\/8&#8243;). inclui 1 conex\u00e3o para mangueira. peso: 2,4kg<\/p>\n","protected":false},"featured_media":117041,"comment_status":"open","ping_status":"closed","template":"","meta":[],"product_brand":[],"product_cat":[17828,18009],"product_tag":[],"class_list":{"0":"post-117042","1":"product","2":"type-product","3":"status-publish","4":"has-post-thumbnail","6":"product_cat-carretel-de-mangueira-carrinho-jardim-e-espaco-exterior","7":"product_cat-jardim-espaco-exterior","9":"first","10":"instock","11":"taxable","12":"shipping-taxable","13":"purchasable","14":"product-type-simple"},"_links":{"self":[{"href":"https:\/\/casafreitas.pt\/loja\/wp-json\/wp\/v2\/product\/117042","targetHints":{"allow":["GET"]}}],"collection":[{"href":"https:\/\/casafreitas.pt\/loja\/wp-json\/wp\/v2\/product"}],"about":[{"href":"https:\/\/casafreitas.pt\/loja\/wp-json\/wp\/v2\/types\/product"}],"replies":[{"embeddable":true,"href":"https:\/\/casafreitas.pt\/loja\/wp-json\/wp\/v2\/comments?post=117042"}],"version-history":[{"count":1,"href":"https:\/\/casafreitas.pt\/loja\/wp-json\/wp\/v2\/product\/117042\/revisions"}],"predecessor-version":[{"id":117043,"href":"https:\/\/casafreitas.pt\/loja\/wp-json\/wp\/v2\/product\/117042\/revisions\/117043"}],"wp:featuredmedia":[{"embeddable":true,"href":"https:\/\/casafreitas.pt\/loja\/wp-json\/wp\/v2\/media\/117041"}],"wp:attachment":[{"href":"https:\/\/casafreitas.pt\/loja\/wp-json\/wp\/v2\/media?parent=117042"}],"wp:term":[{"taxonomy":"product_brand","embeddable":true,"href":"https:\/\/casafreitas.pt\/loja\/wp-json\/wp\/v2\/product_brand?post=117042"},{"taxonomy":"product_cat","embeddable":true,"href":"https:\/\/casafreitas.pt\/loja\/wp-json\/wp\/v2\/product_cat?post=117042"},{"taxonomy":"product_tag","embeddable":true,"href":"https:\/\/casafreitas.pt\/loja\/wp-json\/wp\/v2\/product_tag?post=117042"}],"curies":[{"name":"wp","href":"https:\/\/api.w.org\/{rel}","templated":true}]}}