{"id":117021,"date":"2025-10-04T15:13:48","date_gmt":"2025-10-04T15:13:48","guid":{"rendered":"https:\/\/casafreitas.pt\/loja\/produto\/aquaplant-completo-150-ml\/"},"modified":"2025-10-24T07:10:43","modified_gmt":"2025-10-24T07:10:43","slug":"aquaplant-completo-150-ml","status":"publish","type":"product","link":"https:\/\/casafreitas.pt\/loja\/produto\/aquaplant-completo-150-ml\/","title":{"rendered":"Aquaplant completo 150 ml"},"content":{"rendered":"","protected":false},"excerpt":{"rendered":"<p>Fornece a \u00e1gua e os nutrientes necess\u00e1rios \u00e0 sobreviv\u00eancia das nossas plantas por um per\u00edodo de at\u00e9 um m\u00eas sem rega. al\u00e9m disso, induz a planta a criar defesas naturais para superar situa\u00e7\u00f5es de stress (doen\u00e7as e condi\u00e7\u00f5es meteorol\u00f3gicas adversas como geada, vento&#8230;) para per\u00edodos de longa aus\u00eancia, f\u00e9rias&#8230; ou, simplesmente, para esquecer de regar e fertilizar nossas plantas<\/p>\n","protected":false},"featured_media":117020,"comment_status":"open","ping_status":"closed","template":"","meta":[],"product_brand":[],"product_cat":[17849,18009],"product_tag":[12401],"class_list":{"0":"post-117021","1":"product","2":"type-product","3":"status-publish","4":"has-post-thumbnail","6":"product_cat-micro-irrigacao-jardim-e-espaco-exterior","7":"product_cat-jardim-espaco-exterior","8":"product_tag-flower","10":"first","11":"instock","12":"taxable","13":"shipping-taxable","14":"purchasable","15":"product-type-simple"},"_links":{"self":[{"href":"https:\/\/casafreitas.pt\/loja\/wp-json\/wp\/v2\/product\/117021","targetHints":{"allow":["GET"]}}],"collection":[{"href":"https:\/\/casafreitas.pt\/loja\/wp-json\/wp\/v2\/product"}],"about":[{"href":"https:\/\/casafreitas.pt\/loja\/wp-json\/wp\/v2\/types\/product"}],"replies":[{"embeddable":true,"href":"https:\/\/casafreitas.pt\/loja\/wp-json\/wp\/v2\/comments?post=117021"}],"version-history":[{"count":1,"href":"https:\/\/casafreitas.pt\/loja\/wp-json\/wp\/v2\/product\/117021\/revisions"}],"predecessor-version":[{"id":117022,"href":"https:\/\/casafreitas.pt\/loja\/wp-json\/wp\/v2\/product\/117021\/revisions\/117022"}],"wp:featuredmedia":[{"embeddable":true,"href":"https:\/\/casafreitas.pt\/loja\/wp-json\/wp\/v2\/media\/117020"}],"wp:attachment":[{"href":"https:\/\/casafreitas.pt\/loja\/wp-json\/wp\/v2\/media?parent=117021"}],"wp:term":[{"taxonomy":"product_brand","embeddable":true,"href":"https:\/\/casafreitas.pt\/loja\/wp-json\/wp\/v2\/product_brand?post=117021"},{"taxonomy":"product_cat","embeddable":true,"href":"https:\/\/casafreitas.pt\/loja\/wp-json\/wp\/v2\/product_cat?post=117021"},{"taxonomy":"product_tag","embeddable":true,"href":"https:\/\/casafreitas.pt\/loja\/wp-json\/wp\/v2\/product_tag?post=117021"}],"curies":[{"name":"wp","href":"https:\/\/api.w.org\/{rel}","templated":true}]}}