{"id":116964,"date":"2025-10-04T15:09:20","date_gmt":"2025-10-04T15:09:20","guid":{"rendered":"https:\/\/casafreitas.pt\/loja\/produto\/conector-rapido-ideal-3-4-com-torneira\/"},"modified":"2025-10-24T07:10:42","modified_gmt":"2025-10-24T07:10:42","slug":"conector-rapido-ideal-3-4-com-torneira","status":"publish","type":"product","link":"https:\/\/casafreitas.pt\/loja\/produto\/conector-rapido-ideal-3-4-com-torneira\/","title":{"rendered":"Conector r\u00e1pido ideal 3\/4&#8243; com torneira"},"content":{"rendered":"","protected":false},"excerpt":{"rendered":"<p>Conector r\u00e1pido com torneira ideal 3\/4&#8243; cuja v\u00e1lvula rotativa com marca\u00e7\u00f5es claras permite ajustar ou desligar convenientemente o fornecimento de \u00e1gua. m\u00e1x. 6 bar<\/p>\n","protected":false},"featured_media":116963,"comment_status":"open","ping_status":"closed","template":"","meta":[],"product_brand":[],"product_cat":[17831,18009],"product_tag":[],"class_list":{"0":"post-116964","1":"product","2":"type-product","3":"status-publish","4":"has-post-thumbnail","6":"product_cat-conectores-de-mangueira-jardim-e-espaco-exterior","7":"product_cat-jardim-espaco-exterior","9":"first","10":"instock","11":"taxable","12":"shipping-taxable","13":"purchasable","14":"product-type-simple"},"_links":{"self":[{"href":"https:\/\/casafreitas.pt\/loja\/wp-json\/wp\/v2\/product\/116964","targetHints":{"allow":["GET"]}}],"collection":[{"href":"https:\/\/casafreitas.pt\/loja\/wp-json\/wp\/v2\/product"}],"about":[{"href":"https:\/\/casafreitas.pt\/loja\/wp-json\/wp\/v2\/types\/product"}],"replies":[{"embeddable":true,"href":"https:\/\/casafreitas.pt\/loja\/wp-json\/wp\/v2\/comments?post=116964"}],"version-history":[{"count":1,"href":"https:\/\/casafreitas.pt\/loja\/wp-json\/wp\/v2\/product\/116964\/revisions"}],"predecessor-version":[{"id":116965,"href":"https:\/\/casafreitas.pt\/loja\/wp-json\/wp\/v2\/product\/116964\/revisions\/116965"}],"wp:featuredmedia":[{"embeddable":true,"href":"https:\/\/casafreitas.pt\/loja\/wp-json\/wp\/v2\/media\/116963"}],"wp:attachment":[{"href":"https:\/\/casafreitas.pt\/loja\/wp-json\/wp\/v2\/media?parent=116964"}],"wp:term":[{"taxonomy":"product_brand","embeddable":true,"href":"https:\/\/casafreitas.pt\/loja\/wp-json\/wp\/v2\/product_brand?post=116964"},{"taxonomy":"product_cat","embeddable":true,"href":"https:\/\/casafreitas.pt\/loja\/wp-json\/wp\/v2\/product_cat?post=116964"},{"taxonomy":"product_tag","embeddable":true,"href":"https:\/\/casafreitas.pt\/loja\/wp-json\/wp\/v2\/product_tag?post=116964"}],"curies":[{"name":"wp","href":"https:\/\/api.w.org\/{rel}","templated":true}]}}