{"id":116928,"date":"2025-10-04T15:06:33","date_gmt":"2025-10-04T15:06:33","guid":{"rendered":"https:\/\/casafreitas.pt\/loja\/produto\/mangueira-jardim-grow-3-4-15-m-493-pes\/"},"modified":"2025-10-24T07:10:41","modified_gmt":"2025-10-24T07:10:41","slug":"mangueira-jardim-grow-3-4-15-m-493-pes","status":"publish","type":"product","link":"https:\/\/casafreitas.pt\/loja\/produto\/mangueira-jardim-grow-3-4-15-m-493-pes\/","title":{"rendered":"Mangueira de jardim grow 3\/4&#8243; 15 m (49,3 p\u00e9s)"},"content":{"rendered":"","protected":false},"excerpt":{"rendered":"<p>Mangueira de 4 camadas resistente \u00e0 forma\u00e7\u00e3o de n\u00f3s que bloqueam o fluxo de \u00e1gua com refor\u00e7o de malha ats e resistente aos raios uv e \u00e0 forma\u00e7\u00e3o de algas no interior da mangueira. robusto e flex\u00edvel. suporta faixa de temperatura -20\/+60\u00b0c. com garantia de longa dura\u00e7\u00e3o com utiliza\u00e7\u00e3o adequada. press\u00e3o de quebra 27 bar. cont\u00e9m 55% de materiais reciclados. sem c\u00e1dmio, b\u00e1rio ou chumbo e livre de ftalatos. medi\u00e7\u00e3o: 15m \u00f8 3\/4&#8243; 19mm<\/p>\n","protected":false},"featured_media":116927,"comment_status":"open","ping_status":"closed","template":"","meta":[],"product_brand":[],"product_cat":[17600,18009],"product_tag":[],"class_list":{"0":"post-116928","1":"product","2":"type-product","3":"status-publish","4":"has-post-thumbnail","6":"product_cat-mangueiras-construcao","7":"product_cat-jardim-espaco-exterior","9":"first","10":"instock","11":"taxable","12":"shipping-taxable","13":"purchasable","14":"product-type-simple"},"_links":{"self":[{"href":"https:\/\/casafreitas.pt\/loja\/wp-json\/wp\/v2\/product\/116928","targetHints":{"allow":["GET"]}}],"collection":[{"href":"https:\/\/casafreitas.pt\/loja\/wp-json\/wp\/v2\/product"}],"about":[{"href":"https:\/\/casafreitas.pt\/loja\/wp-json\/wp\/v2\/types\/product"}],"replies":[{"embeddable":true,"href":"https:\/\/casafreitas.pt\/loja\/wp-json\/wp\/v2\/comments?post=116928"}],"version-history":[{"count":1,"href":"https:\/\/casafreitas.pt\/loja\/wp-json\/wp\/v2\/product\/116928\/revisions"}],"predecessor-version":[{"id":116929,"href":"https:\/\/casafreitas.pt\/loja\/wp-json\/wp\/v2\/product\/116928\/revisions\/116929"}],"wp:featuredmedia":[{"embeddable":true,"href":"https:\/\/casafreitas.pt\/loja\/wp-json\/wp\/v2\/media\/116927"}],"wp:attachment":[{"href":"https:\/\/casafreitas.pt\/loja\/wp-json\/wp\/v2\/media?parent=116928"}],"wp:term":[{"taxonomy":"product_brand","embeddable":true,"href":"https:\/\/casafreitas.pt\/loja\/wp-json\/wp\/v2\/product_brand?post=116928"},{"taxonomy":"product_cat","embeddable":true,"href":"https:\/\/casafreitas.pt\/loja\/wp-json\/wp\/v2\/product_cat?post=116928"},{"taxonomy":"product_tag","embeddable":true,"href":"https:\/\/casafreitas.pt\/loja\/wp-json\/wp\/v2\/product_tag?post=116928"}],"curies":[{"name":"wp","href":"https:\/\/api.w.org\/{rel}","templated":true}]}}