{"id":116844,"date":"2025-10-04T14:13:30","date_gmt":"2025-10-04T14:13:30","guid":{"rendered":"https:\/\/casafreitas.pt\/loja\/produto\/ligacao-t-igual-rosca-femea-1-polipropileno\/"},"modified":"2025-10-24T07:10:38","modified_gmt":"2025-10-24T07:10:38","slug":"ligacao-t-igual-rosca-femea-1-polipropileno","status":"publish","type":"product","link":"https:\/\/casafreitas.pt\/loja\/produto\/ligacao-t-igual-rosca-femea-1-polipropileno\/","title":{"rendered":"Liga\u00e7\u00e3o t igual rosca f\u00eamea 1&#8243; polipropileno"},"content":{"rendered":"","protected":false},"excerpt":{"rendered":"<p>Liga\u00e7\u00e3o t igual rosca f\u00eamea 1&#8243; polipropileno<\/p>\n","protected":false},"featured_media":116843,"comment_status":"open","ping_status":"closed","template":"","meta":[],"product_brand":[],"product_cat":[17841,18009],"product_tag":[13279],"class_list":{"0":"post-116844","1":"product","2":"type-product","3":"status-publish","4":"has-post-thumbnail","6":"product_cat-irrigacao-subterranea-jardim-e-espaco-exterior","7":"product_cat-jardim-espaco-exterior","8":"product_tag-plasson","10":"first","11":"instock","12":"taxable","13":"shipping-taxable","14":"purchasable","15":"product-type-simple"},"_links":{"self":[{"href":"https:\/\/casafreitas.pt\/loja\/wp-json\/wp\/v2\/product\/116844","targetHints":{"allow":["GET"]}}],"collection":[{"href":"https:\/\/casafreitas.pt\/loja\/wp-json\/wp\/v2\/product"}],"about":[{"href":"https:\/\/casafreitas.pt\/loja\/wp-json\/wp\/v2\/types\/product"}],"replies":[{"embeddable":true,"href":"https:\/\/casafreitas.pt\/loja\/wp-json\/wp\/v2\/comments?post=116844"}],"version-history":[{"count":1,"href":"https:\/\/casafreitas.pt\/loja\/wp-json\/wp\/v2\/product\/116844\/revisions"}],"predecessor-version":[{"id":116845,"href":"https:\/\/casafreitas.pt\/loja\/wp-json\/wp\/v2\/product\/116844\/revisions\/116845"}],"wp:featuredmedia":[{"embeddable":true,"href":"https:\/\/casafreitas.pt\/loja\/wp-json\/wp\/v2\/media\/116843"}],"wp:attachment":[{"href":"https:\/\/casafreitas.pt\/loja\/wp-json\/wp\/v2\/media?parent=116844"}],"wp:term":[{"taxonomy":"product_brand","embeddable":true,"href":"https:\/\/casafreitas.pt\/loja\/wp-json\/wp\/v2\/product_brand?post=116844"},{"taxonomy":"product_cat","embeddable":true,"href":"https:\/\/casafreitas.pt\/loja\/wp-json\/wp\/v2\/product_cat?post=116844"},{"taxonomy":"product_tag","embeddable":true,"href":"https:\/\/casafreitas.pt\/loja\/wp-json\/wp\/v2\/product_tag?post=116844"}],"curies":[{"name":"wp","href":"https:\/\/api.w.org\/{rel}","templated":true}]}}