{"id":116721,"date":"2025-10-04T12:49:56","date_gmt":"2025-10-04T12:49:56","guid":{"rendered":"https:\/\/casafreitas.pt\/loja\/produto\/poste-separador-inox-fita-vermelha-extensivel-2-m-x-5-cm\/"},"modified":"2025-10-24T07:10:33","modified_gmt":"2025-10-24T07:10:33","slug":"poste-separador-inox-fita-vermelha-extensivel-2-m-x-5-cm","status":"publish","type":"product","link":"https:\/\/casafreitas.pt\/loja\/produto\/poste-separador-inox-fita-vermelha-extensivel-2-m-x-5-cm\/","title":{"rendered":"Poste separador inox fita vermelha extens\u00edvel 2 m x 5 cm"},"content":{"rendered":"","protected":false},"excerpt":{"rendered":"<p>Poste separador inox com fita vermelha extens\u00edvel de 2 m x 5 cm. perfeitos para delimitar zonas como em rece\u00e7\u00f5es, restaurantes, eventos, espa\u00e7os em filas de espera, etc. material: inox. medidas poste: 91 cm x \u00f85,1 cm base \u00f832cm. peso: 7,65 kg<\/p>\n","protected":false},"featured_media":116720,"comment_status":"open","ping_status":"closed","template":"","meta":[],"product_brand":[],"product_cat":[17545,18004],"product_tag":[],"class_list":{"0":"post-116721","1":"product","2":"type-product","3":"status-publish","4":"has-post-thumbnail","6":"product_cat-diversos-construcao","7":"product_cat-construcao","9":"first","10":"instock","11":"taxable","12":"shipping-taxable","13":"purchasable","14":"product-type-simple"},"_links":{"self":[{"href":"https:\/\/casafreitas.pt\/loja\/wp-json\/wp\/v2\/product\/116721","targetHints":{"allow":["GET"]}}],"collection":[{"href":"https:\/\/casafreitas.pt\/loja\/wp-json\/wp\/v2\/product"}],"about":[{"href":"https:\/\/casafreitas.pt\/loja\/wp-json\/wp\/v2\/types\/product"}],"replies":[{"embeddable":true,"href":"https:\/\/casafreitas.pt\/loja\/wp-json\/wp\/v2\/comments?post=116721"}],"version-history":[{"count":1,"href":"https:\/\/casafreitas.pt\/loja\/wp-json\/wp\/v2\/product\/116721\/revisions"}],"predecessor-version":[{"id":116722,"href":"https:\/\/casafreitas.pt\/loja\/wp-json\/wp\/v2\/product\/116721\/revisions\/116722"}],"wp:featuredmedia":[{"embeddable":true,"href":"https:\/\/casafreitas.pt\/loja\/wp-json\/wp\/v2\/media\/116720"}],"wp:attachment":[{"href":"https:\/\/casafreitas.pt\/loja\/wp-json\/wp\/v2\/media?parent=116721"}],"wp:term":[{"taxonomy":"product_brand","embeddable":true,"href":"https:\/\/casafreitas.pt\/loja\/wp-json\/wp\/v2\/product_brand?post=116721"},{"taxonomy":"product_cat","embeddable":true,"href":"https:\/\/casafreitas.pt\/loja\/wp-json\/wp\/v2\/product_cat?post=116721"},{"taxonomy":"product_tag","embeddable":true,"href":"https:\/\/casafreitas.pt\/loja\/wp-json\/wp\/v2\/product_tag?post=116721"}],"curies":[{"name":"wp","href":"https:\/\/api.w.org\/{rel}","templated":true}]}}