{"id":116277,"date":"2025-10-04T12:15:05","date_gmt":"2025-10-04T12:15:05","guid":{"rendered":"https:\/\/casafreitas.pt\/loja\/produto\/gases-esterilizados-75-x-75-cm-6-uds\/"},"modified":"2025-10-24T02:50:05","modified_gmt":"2025-10-24T02:50:05","slug":"gases-esterilizados-75-x-75-cm-6-uds","status":"publish","type":"product","link":"https:\/\/casafreitas.pt\/loja\/produto\/gases-esterilizados-75-x-75-cm-6-uds\/","title":{"rendered":"Gases esterilizados (7,5 x 7,5 cm) 6 uds"},"content":{"rendered":"","protected":false},"excerpt":{"rendered":"<p>Compressas de gaze est\u00e9ril. cobertura est\u00e9ril para feridas, por exemplo, para administra\u00e7\u00e3o de primeiros socorros em feridas com hemorragias profusas. feito com algod\u00e3o branco puro. especialmente absorvente e perme\u00e1vel ao ar. embalado em embalagens de 2 unidades e 8 camadas. mude a compra pelo menos uma vez por dia<\/p>\n","protected":false},"featured_media":116276,"comment_status":"open","ping_status":"closed","template":"","meta":[],"product_brand":[],"product_cat":[17919,18010],"product_tag":[13258],"class_list":{"0":"post-116277","1":"product","2":"type-product","3":"status-publish","4":"has-post-thumbnail","6":"product_cat-parafarmacia-limpeza-e-higiene-pessoal","7":"product_cat-limpeza-higiene-pessoal","8":"product_tag-cosmoplast","10":"first","11":"instock","12":"taxable","13":"shipping-taxable","14":"purchasable","15":"product-type-simple"},"_links":{"self":[{"href":"https:\/\/casafreitas.pt\/loja\/wp-json\/wp\/v2\/product\/116277","targetHints":{"allow":["GET"]}}],"collection":[{"href":"https:\/\/casafreitas.pt\/loja\/wp-json\/wp\/v2\/product"}],"about":[{"href":"https:\/\/casafreitas.pt\/loja\/wp-json\/wp\/v2\/types\/product"}],"replies":[{"embeddable":true,"href":"https:\/\/casafreitas.pt\/loja\/wp-json\/wp\/v2\/comments?post=116277"}],"version-history":[{"count":1,"href":"https:\/\/casafreitas.pt\/loja\/wp-json\/wp\/v2\/product\/116277\/revisions"}],"predecessor-version":[{"id":116278,"href":"https:\/\/casafreitas.pt\/loja\/wp-json\/wp\/v2\/product\/116277\/revisions\/116278"}],"wp:featuredmedia":[{"embeddable":true,"href":"https:\/\/casafreitas.pt\/loja\/wp-json\/wp\/v2\/media\/116276"}],"wp:attachment":[{"href":"https:\/\/casafreitas.pt\/loja\/wp-json\/wp\/v2\/media?parent=116277"}],"wp:term":[{"taxonomy":"product_brand","embeddable":true,"href":"https:\/\/casafreitas.pt\/loja\/wp-json\/wp\/v2\/product_brand?post=116277"},{"taxonomy":"product_cat","embeddable":true,"href":"https:\/\/casafreitas.pt\/loja\/wp-json\/wp\/v2\/product_cat?post=116277"},{"taxonomy":"product_tag","embeddable":true,"href":"https:\/\/casafreitas.pt\/loja\/wp-json\/wp\/v2\/product_tag?post=116277"}],"curies":[{"name":"wp","href":"https:\/\/api.w.org\/{rel}","templated":true}]}}