{"id":116259,"date":"2025-10-04T12:11:23","date_gmt":"2025-10-04T12:11:23","guid":{"rendered":"https:\/\/casafreitas.pt\/loja\/produto\/pincas-depilacao-com-luz-led-dunlop\/"},"modified":"2025-10-24T02:50:04","modified_gmt":"2025-10-24T02:50:04","slug":"pincas-depilacao-com-luz-led-dunlop","status":"publish","type":"product","link":"https:\/\/casafreitas.pt\/loja\/produto\/pincas-depilacao-com-luz-led-dunlop\/","title":{"rendered":"Pin\u00e7as de depila\u00e7\u00e3o com luz led dunlop"},"content":{"rendered":"","protected":false},"excerpt":{"rendered":"<p>Pin\u00e7as de depila\u00e7\u00e3o com luz led dunlop. funciona com 3 pilhas ag3 (incluidas)<\/p>\n","protected":false},"featured_media":116258,"comment_status":"open","ping_status":"closed","template":"","meta":[],"product_brand":[],"product_cat":[13196,18010],"product_tag":[],"class_list":{"0":"post-116259","1":"product","2":"type-product","3":"status-publish","4":"has-post-thumbnail","6":"product_cat-depilacao-barbear","7":"product_cat-limpeza-higiene-pessoal","9":"first","10":"instock","11":"taxable","12":"shipping-taxable","13":"purchasable","14":"product-type-simple"},"_links":{"self":[{"href":"https:\/\/casafreitas.pt\/loja\/wp-json\/wp\/v2\/product\/116259","targetHints":{"allow":["GET"]}}],"collection":[{"href":"https:\/\/casafreitas.pt\/loja\/wp-json\/wp\/v2\/product"}],"about":[{"href":"https:\/\/casafreitas.pt\/loja\/wp-json\/wp\/v2\/types\/product"}],"replies":[{"embeddable":true,"href":"https:\/\/casafreitas.pt\/loja\/wp-json\/wp\/v2\/comments?post=116259"}],"version-history":[{"count":1,"href":"https:\/\/casafreitas.pt\/loja\/wp-json\/wp\/v2\/product\/116259\/revisions"}],"predecessor-version":[{"id":116260,"href":"https:\/\/casafreitas.pt\/loja\/wp-json\/wp\/v2\/product\/116259\/revisions\/116260"}],"wp:featuredmedia":[{"embeddable":true,"href":"https:\/\/casafreitas.pt\/loja\/wp-json\/wp\/v2\/media\/116258"}],"wp:attachment":[{"href":"https:\/\/casafreitas.pt\/loja\/wp-json\/wp\/v2\/media?parent=116259"}],"wp:term":[{"taxonomy":"product_brand","embeddable":true,"href":"https:\/\/casafreitas.pt\/loja\/wp-json\/wp\/v2\/product_brand?post=116259"},{"taxonomy":"product_cat","embeddable":true,"href":"https:\/\/casafreitas.pt\/loja\/wp-json\/wp\/v2\/product_cat?post=116259"},{"taxonomy":"product_tag","embeddable":true,"href":"https:\/\/casafreitas.pt\/loja\/wp-json\/wp\/v2\/product_tag?post=116259"}],"curies":[{"name":"wp","href":"https:\/\/api.w.org\/{rel}","templated":true}]}}