{"id":116253,"date":"2025-10-04T12:10:54","date_gmt":"2025-10-04T12:10:54","guid":{"rendered":"https:\/\/casafreitas.pt\/loja\/produto\/extintor-po-1kg-fogo-abc\/"},"modified":"2025-11-15T22:02:22","modified_gmt":"2025-11-15T22:02:22","slug":"extintor-po-1kg-fogo-abc","status":"publish","type":"product","link":"https:\/\/casafreitas.pt\/loja\/produto\/extintor-po-1kg-fogo-abc\/","title":{"rendered":"Extintor de p\u00f3 1kg fogo abc"},"content":{"rendered":"","protected":false},"excerpt":{"rendered":"<p>Extintor de inc\u00eandio em p\u00f3 com capacidade de 1kg, efici\u00eancia 5a 34b, perfeito para extinguir sem qualquer problema pequenos inc\u00eandios caseiros do tipo abc. a composi\u00e7\u00e3o do p\u00f3 \u00e9 uma mistura de nitrog\u00eanio e h\u00e9lio. possui uma v\u00e1lvula e man\u00f3metro para verificar a press\u00e3o interna manualmente. para garantir a manuten\u00e7\u00e3o ideal e que esteja sempre em perfeitas condi\u00e7\u00f5es de funcionamento, todas as partes externas da v\u00e1lvula s\u00e3o feitas de pl\u00e1stico, o que evita a corros\u00e3o dos materiais. \u00e9 por isso que \u00e9 perfeito se o quiser usar em em barcos ou espa\u00e7os desportivos. cilindro de alum\u00ednio e v\u00e1lvula de resina acetal. certificado ped\/ 97\/23\/ec terreste e med 96\/98\/ec para uso mar\u00edtimo<\/p>\n","protected":false},"featured_media":116252,"comment_status":"open","ping_status":"closed","template":"","meta":[],"product_brand":[],"product_cat":[17636,18004],"product_tag":[],"class_list":{"0":"post-116253","1":"product","2":"type-product","3":"status-publish","4":"has-post-thumbnail","6":"product_cat-protecao-contra-incendio-construcao","7":"product_cat-construcao","9":"first","10":"instock","11":"taxable","12":"shipping-taxable","13":"purchasable","14":"product-type-simple"},"_links":{"self":[{"href":"https:\/\/casafreitas.pt\/loja\/wp-json\/wp\/v2\/product\/116253","targetHints":{"allow":["GET"]}}],"collection":[{"href":"https:\/\/casafreitas.pt\/loja\/wp-json\/wp\/v2\/product"}],"about":[{"href":"https:\/\/casafreitas.pt\/loja\/wp-json\/wp\/v2\/types\/product"}],"replies":[{"embeddable":true,"href":"https:\/\/casafreitas.pt\/loja\/wp-json\/wp\/v2\/comments?post=116253"}],"version-history":[{"count":1,"href":"https:\/\/casafreitas.pt\/loja\/wp-json\/wp\/v2\/product\/116253\/revisions"}],"predecessor-version":[{"id":116254,"href":"https:\/\/casafreitas.pt\/loja\/wp-json\/wp\/v2\/product\/116253\/revisions\/116254"}],"wp:featuredmedia":[{"embeddable":true,"href":"https:\/\/casafreitas.pt\/loja\/wp-json\/wp\/v2\/media\/116252"}],"wp:attachment":[{"href":"https:\/\/casafreitas.pt\/loja\/wp-json\/wp\/v2\/media?parent=116253"}],"wp:term":[{"taxonomy":"product_brand","embeddable":true,"href":"https:\/\/casafreitas.pt\/loja\/wp-json\/wp\/v2\/product_brand?post=116253"},{"taxonomy":"product_cat","embeddable":true,"href":"https:\/\/casafreitas.pt\/loja\/wp-json\/wp\/v2\/product_cat?post=116253"},{"taxonomy":"product_tag","embeddable":true,"href":"https:\/\/casafreitas.pt\/loja\/wp-json\/wp\/v2\/product_tag?post=116253"}],"curies":[{"name":"wp","href":"https:\/\/api.w.org\/{rel}","templated":true}]}}