{"id":116241,"date":"2025-10-04T12:08:30","date_gmt":"2025-10-04T12:08:30","guid":{"rendered":"https:\/\/casafreitas.pt\/loja\/produto\/papel-higienico-35-m-pacote-com-12-unidades\/"},"modified":"2025-10-24T02:50:04","modified_gmt":"2025-10-24T02:50:04","slug":"papel-higienico-35-m-pacote-com-12-unidades","status":"publish","type":"product","link":"https:\/\/casafreitas.pt\/loja\/produto\/papel-higienico-35-m-pacote-com-12-unidades\/","title":{"rendered":"Papel higi\u00eanico 35 m pacote com 12 unidades"},"content":{"rendered":"","protected":false},"excerpt":{"rendered":"<p>Papel higi\u00eanico dom\u00e9stico, celulose virgem dupla, 35 m, 345 por\u00e7\u00f5es. pacote com 12 rolos<\/p>\n","protected":false},"featured_media":116240,"comment_status":"open","ping_status":"closed","template":"","meta":[],"product_brand":[],"product_cat":[17932,18010],"product_tag":[12936],"class_list":{"0":"post-116241","1":"product","2":"type-product","3":"status-publish","4":"has-post-thumbnail","6":"product_cat-toalhetes-toalhitas-papel-higienico-limpeza-e-higiene-pessoal","7":"product_cat-limpeza-higiene-pessoal","8":"product_tag-goma-camps","10":"first","11":"instock","12":"taxable","13":"shipping-taxable","14":"purchasable","15":"product-type-simple"},"_links":{"self":[{"href":"https:\/\/casafreitas.pt\/loja\/wp-json\/wp\/v2\/product\/116241","targetHints":{"allow":["GET"]}}],"collection":[{"href":"https:\/\/casafreitas.pt\/loja\/wp-json\/wp\/v2\/product"}],"about":[{"href":"https:\/\/casafreitas.pt\/loja\/wp-json\/wp\/v2\/types\/product"}],"replies":[{"embeddable":true,"href":"https:\/\/casafreitas.pt\/loja\/wp-json\/wp\/v2\/comments?post=116241"}],"version-history":[{"count":1,"href":"https:\/\/casafreitas.pt\/loja\/wp-json\/wp\/v2\/product\/116241\/revisions"}],"predecessor-version":[{"id":116242,"href":"https:\/\/casafreitas.pt\/loja\/wp-json\/wp\/v2\/product\/116241\/revisions\/116242"}],"wp:featuredmedia":[{"embeddable":true,"href":"https:\/\/casafreitas.pt\/loja\/wp-json\/wp\/v2\/media\/116240"}],"wp:attachment":[{"href":"https:\/\/casafreitas.pt\/loja\/wp-json\/wp\/v2\/media?parent=116241"}],"wp:term":[{"taxonomy":"product_brand","embeddable":true,"href":"https:\/\/casafreitas.pt\/loja\/wp-json\/wp\/v2\/product_brand?post=116241"},{"taxonomy":"product_cat","embeddable":true,"href":"https:\/\/casafreitas.pt\/loja\/wp-json\/wp\/v2\/product_cat?post=116241"},{"taxonomy":"product_tag","embeddable":true,"href":"https:\/\/casafreitas.pt\/loja\/wp-json\/wp\/v2\/product_tag?post=116241"}],"curies":[{"name":"wp","href":"https:\/\/api.w.org\/{rel}","templated":true}]}}