{"id":115800,"date":"2025-10-04T11:33:27","date_gmt":"2025-10-04T11:33:27","guid":{"rendered":"https:\/\/casafreitas.pt\/loja\/produto\/agua-flores-fresca-unissexo-verbena-colonia-com-estrojo-150-ml\/"},"modified":"2025-10-24T02:49:43","modified_gmt":"2025-10-24T02:49:43","slug":"agua-flores-fresca-unissexo-verbena-colonia-com-estrojo-150-ml","status":"publish","type":"product","link":"https:\/\/casafreitas.pt\/loja\/produto\/agua-flores-fresca-unissexo-verbena-colonia-com-estrojo-150-ml\/","title":{"rendered":"\u00c1gua de flores fresca unissexo verbena col\u00f3nia com estrojo, 150 ml"},"content":{"rendered":"","protected":false},"excerpt":{"rendered":"<p>Unisex cologne \u00e1gua fresca de flores verbena com caixa met\u00e1lica cor azul, 150 ml<\/p>\n","protected":false},"featured_media":115799,"comment_status":"open","ping_status":"closed","template":"","meta":[],"product_brand":[],"product_cat":[17874,18010],"product_tag":[13242],"class_list":{"0":"post-115800","1":"product","2":"type-product","3":"status-publish","4":"has-post-thumbnail","6":"product_cat-caixas-de-perfume-limpeza-e-higiene-pessoal","7":"product_cat-limpeza-higiene-pessoal","8":"product_tag-alvarez-gomez","10":"first","11":"instock","12":"taxable","13":"shipping-taxable","14":"purchasable","15":"product-type-simple"},"_links":{"self":[{"href":"https:\/\/casafreitas.pt\/loja\/wp-json\/wp\/v2\/product\/115800","targetHints":{"allow":["GET"]}}],"collection":[{"href":"https:\/\/casafreitas.pt\/loja\/wp-json\/wp\/v2\/product"}],"about":[{"href":"https:\/\/casafreitas.pt\/loja\/wp-json\/wp\/v2\/types\/product"}],"replies":[{"embeddable":true,"href":"https:\/\/casafreitas.pt\/loja\/wp-json\/wp\/v2\/comments?post=115800"}],"version-history":[{"count":1,"href":"https:\/\/casafreitas.pt\/loja\/wp-json\/wp\/v2\/product\/115800\/revisions"}],"predecessor-version":[{"id":115801,"href":"https:\/\/casafreitas.pt\/loja\/wp-json\/wp\/v2\/product\/115800\/revisions\/115801"}],"wp:featuredmedia":[{"embeddable":true,"href":"https:\/\/casafreitas.pt\/loja\/wp-json\/wp\/v2\/media\/115799"}],"wp:attachment":[{"href":"https:\/\/casafreitas.pt\/loja\/wp-json\/wp\/v2\/media?parent=115800"}],"wp:term":[{"taxonomy":"product_brand","embeddable":true,"href":"https:\/\/casafreitas.pt\/loja\/wp-json\/wp\/v2\/product_brand?post=115800"},{"taxonomy":"product_cat","embeddable":true,"href":"https:\/\/casafreitas.pt\/loja\/wp-json\/wp\/v2\/product_cat?post=115800"},{"taxonomy":"product_tag","embeddable":true,"href":"https:\/\/casafreitas.pt\/loja\/wp-json\/wp\/v2\/product_tag?post=115800"}],"curies":[{"name":"wp","href":"https:\/\/api.w.org\/{rel}","templated":true}]}}