{"id":115782,"date":"2025-10-04T11:32:01","date_gmt":"2025-10-04T11:32:01","guid":{"rendered":"https:\/\/casafreitas.pt\/loja\/produto\/caixa-comprimidos-eletronicos-inteligentes\/"},"modified":"2025-11-21T22:01:03","modified_gmt":"2025-11-21T22:01:03","slug":"caixa-comprimidos-eletronicos-inteligentes","status":"publish","type":"product","link":"https:\/\/casafreitas.pt\/loja\/produto\/caixa-comprimidos-eletronicos-inteligentes\/","title":{"rendered":"Caixa de comprimidos eletr\u00f3nicos inteligentes"},"content":{"rendered":"","protected":false},"excerpt":{"rendered":"<p>Caixa de comprimidos inteligente para armazenar e recordar medicamentos, 4 compartimentos. fun\u00e7\u00e3o tripla: rel\u00f3gio, alarme e cron\u00f3metro. permite programar at\u00e9 5 alarmes di\u00e1rios com som e vibra\u00e7\u00e3o. tamanho de bolso, com fecho de seguran\u00e7a herm\u00e9tico evita a humidade e mant\u00e9m os comprimidos em perfeitos estados. material: abs polipropileno. branco cinza. funciona com uma bateria cr2032 (inclu\u00edda). 6,5 x 2 x 6,5 cm<\/p>\n","protected":false},"featured_media":115781,"comment_status":"open","ping_status":"closed","template":"","meta":[],"product_brand":[],"product_cat":[17919,18010],"product_tag":[],"class_list":{"0":"post-115782","1":"product","2":"type-product","3":"status-publish","4":"has-post-thumbnail","6":"product_cat-parafarmacia-limpeza-e-higiene-pessoal","7":"product_cat-limpeza-higiene-pessoal","9":"first","10":"instock","11":"taxable","12":"shipping-taxable","13":"purchasable","14":"product-type-simple"},"_links":{"self":[{"href":"https:\/\/casafreitas.pt\/loja\/wp-json\/wp\/v2\/product\/115782","targetHints":{"allow":["GET"]}}],"collection":[{"href":"https:\/\/casafreitas.pt\/loja\/wp-json\/wp\/v2\/product"}],"about":[{"href":"https:\/\/casafreitas.pt\/loja\/wp-json\/wp\/v2\/types\/product"}],"replies":[{"embeddable":true,"href":"https:\/\/casafreitas.pt\/loja\/wp-json\/wp\/v2\/comments?post=115782"}],"version-history":[{"count":1,"href":"https:\/\/casafreitas.pt\/loja\/wp-json\/wp\/v2\/product\/115782\/revisions"}],"predecessor-version":[{"id":115783,"href":"https:\/\/casafreitas.pt\/loja\/wp-json\/wp\/v2\/product\/115782\/revisions\/115783"}],"wp:featuredmedia":[{"embeddable":true,"href":"https:\/\/casafreitas.pt\/loja\/wp-json\/wp\/v2\/media\/115781"}],"wp:attachment":[{"href":"https:\/\/casafreitas.pt\/loja\/wp-json\/wp\/v2\/media?parent=115782"}],"wp:term":[{"taxonomy":"product_brand","embeddable":true,"href":"https:\/\/casafreitas.pt\/loja\/wp-json\/wp\/v2\/product_brand?post=115782"},{"taxonomy":"product_cat","embeddable":true,"href":"https:\/\/casafreitas.pt\/loja\/wp-json\/wp\/v2\/product_cat?post=115782"},{"taxonomy":"product_tag","embeddable":true,"href":"https:\/\/casafreitas.pt\/loja\/wp-json\/wp\/v2\/product_tag?post=115782"}],"curies":[{"name":"wp","href":"https:\/\/api.w.org\/{rel}","templated":true}]}}