{"id":115713,"date":"2025-10-04T11:26:39","date_gmt":"2025-10-04T11:26:39","guid":{"rendered":"https:\/\/casafreitas.pt\/loja\/produto\/espuma-limpeza-facial-sensivel-150-ml\/"},"modified":"2025-10-24T02:49:37","modified_gmt":"2025-10-24T02:49:37","slug":"espuma-limpeza-facial-sensivel-150-ml","status":"publish","type":"product","link":"https:\/\/casafreitas.pt\/loja\/produto\/espuma-limpeza-facial-sensivel-150-ml\/","title":{"rendered":"Espuma de limpeza facial sens\u00edvel 150 ml"},"content":{"rendered":"","protected":false},"excerpt":{"rendered":"<p>Espuma de limpeza facial para pele sens\u00edvel, sem fragr\u00e2ncia, enriquecida com \u00f3leo de am\u00eandoa, 150 ml<\/p>\n","protected":false},"featured_media":115712,"comment_status":"open","ping_status":"closed","template":"","meta":[],"product_brand":[],"product_cat":[17886,18010],"product_tag":[],"class_list":{"0":"post-115713","1":"product","2":"type-product","3":"status-publish","4":"has-post-thumbnail","6":"product_cat-cuidados-faciais-limpeza-e-higiene-pessoal","7":"product_cat-limpeza-higiene-pessoal","9":"first","10":"instock","11":"taxable","12":"shipping-taxable","13":"purchasable","14":"product-type-simple"},"_links":{"self":[{"href":"https:\/\/casafreitas.pt\/loja\/wp-json\/wp\/v2\/product\/115713","targetHints":{"allow":["GET"]}}],"collection":[{"href":"https:\/\/casafreitas.pt\/loja\/wp-json\/wp\/v2\/product"}],"about":[{"href":"https:\/\/casafreitas.pt\/loja\/wp-json\/wp\/v2\/types\/product"}],"replies":[{"embeddable":true,"href":"https:\/\/casafreitas.pt\/loja\/wp-json\/wp\/v2\/comments?post=115713"}],"version-history":[{"count":1,"href":"https:\/\/casafreitas.pt\/loja\/wp-json\/wp\/v2\/product\/115713\/revisions"}],"predecessor-version":[{"id":115714,"href":"https:\/\/casafreitas.pt\/loja\/wp-json\/wp\/v2\/product\/115713\/revisions\/115714"}],"wp:featuredmedia":[{"embeddable":true,"href":"https:\/\/casafreitas.pt\/loja\/wp-json\/wp\/v2\/media\/115712"}],"wp:attachment":[{"href":"https:\/\/casafreitas.pt\/loja\/wp-json\/wp\/v2\/media?parent=115713"}],"wp:term":[{"taxonomy":"product_brand","embeddable":true,"href":"https:\/\/casafreitas.pt\/loja\/wp-json\/wp\/v2\/product_brand?post=115713"},{"taxonomy":"product_cat","embeddable":true,"href":"https:\/\/casafreitas.pt\/loja\/wp-json\/wp\/v2\/product_cat?post=115713"},{"taxonomy":"product_tag","embeddable":true,"href":"https:\/\/casafreitas.pt\/loja\/wp-json\/wp\/v2\/product_tag?post=115713"}],"curies":[{"name":"wp","href":"https:\/\/api.w.org\/{rel}","templated":true}]}}