{"id":115698,"date":"2025-10-04T11:25:30","date_gmt":"2025-10-04T11:25:30","guid":{"rendered":"https:\/\/casafreitas.pt\/loja\/produto\/bandas-depilacao-facial-para-pele-sensivel-20-uds\/"},"modified":"2025-10-24T02:49:37","modified_gmt":"2025-10-24T02:49:37","slug":"bandas-depilacao-facial-para-pele-sensivel-20-uds","status":"publish","type":"product","link":"https:\/\/casafreitas.pt\/loja\/produto\/bandas-depilacao-facial-para-pele-sensivel-20-uds\/","title":{"rendered":"Bandas depila\u00e7\u00e3o facial para pele sens\u00edvel, 20 uds"},"content":{"rendered":"","protected":false},"excerpt":{"rendered":"<p>20 bandas de cera fria para cara (pele sens\u00edvel) + 4 toalhetes de limpeza<\/p>\n","protected":false},"featured_media":115697,"comment_status":"open","ping_status":"closed","template":"","meta":[],"product_brand":[],"product_cat":[13196,18010],"product_tag":[],"class_list":{"0":"post-115698","1":"product","2":"type-product","3":"status-publish","4":"has-post-thumbnail","6":"product_cat-depilacao-barbear","7":"product_cat-limpeza-higiene-pessoal","9":"first","10":"instock","11":"taxable","12":"shipping-taxable","13":"purchasable","14":"product-type-simple"},"_links":{"self":[{"href":"https:\/\/casafreitas.pt\/loja\/wp-json\/wp\/v2\/product\/115698","targetHints":{"allow":["GET"]}}],"collection":[{"href":"https:\/\/casafreitas.pt\/loja\/wp-json\/wp\/v2\/product"}],"about":[{"href":"https:\/\/casafreitas.pt\/loja\/wp-json\/wp\/v2\/types\/product"}],"replies":[{"embeddable":true,"href":"https:\/\/casafreitas.pt\/loja\/wp-json\/wp\/v2\/comments?post=115698"}],"version-history":[{"count":1,"href":"https:\/\/casafreitas.pt\/loja\/wp-json\/wp\/v2\/product\/115698\/revisions"}],"predecessor-version":[{"id":115699,"href":"https:\/\/casafreitas.pt\/loja\/wp-json\/wp\/v2\/product\/115698\/revisions\/115699"}],"wp:featuredmedia":[{"embeddable":true,"href":"https:\/\/casafreitas.pt\/loja\/wp-json\/wp\/v2\/media\/115697"}],"wp:attachment":[{"href":"https:\/\/casafreitas.pt\/loja\/wp-json\/wp\/v2\/media?parent=115698"}],"wp:term":[{"taxonomy":"product_brand","embeddable":true,"href":"https:\/\/casafreitas.pt\/loja\/wp-json\/wp\/v2\/product_brand?post=115698"},{"taxonomy":"product_cat","embeddable":true,"href":"https:\/\/casafreitas.pt\/loja\/wp-json\/wp\/v2\/product_cat?post=115698"},{"taxonomy":"product_tag","embeddable":true,"href":"https:\/\/casafreitas.pt\/loja\/wp-json\/wp\/v2\/product_tag?post=115698"}],"curies":[{"name":"wp","href":"https:\/\/api.w.org\/{rel}","templated":true}]}}