{"id":115632,"date":"2025-10-04T11:19:48","date_gmt":"2025-10-04T11:19:48","guid":{"rendered":"https:\/\/casafreitas.pt\/loja\/produto\/rolo-papel-higienico-domestico-12-uds\/"},"modified":"2025-10-24T02:49:33","modified_gmt":"2025-10-24T02:49:33","slug":"rolo-papel-higienico-domestico-12-uds","status":"publish","type":"product","link":"https:\/\/casafreitas.pt\/loja\/produto\/rolo-papel-higienico-domestico-12-uds\/","title":{"rendered":"Rolo de papel higi\u00e9nico dom\u00e9stico 12 uds"},"content":{"rendered":"","protected":false},"excerpt":{"rendered":"<p>Rolo de papel higi\u00e9nico dom\u00e9stico celulose pura cor branco, 2 camadas, 340 servi\u00e7os, comprimento do rolo 34m, peso 15,5g\/m\u00b3<\/p>\n","protected":false},"featured_media":115631,"comment_status":"open","ping_status":"closed","template":"","meta":[],"product_brand":[],"product_cat":[17932,18010],"product_tag":[],"class_list":{"0":"post-115632","1":"product","2":"type-product","3":"status-publish","4":"has-post-thumbnail","6":"product_cat-toalhetes-toalhitas-papel-higienico-limpeza-e-higiene-pessoal","7":"product_cat-limpeza-higiene-pessoal","9":"first","10":"instock","11":"taxable","12":"shipping-taxable","13":"purchasable","14":"product-type-simple"},"_links":{"self":[{"href":"https:\/\/casafreitas.pt\/loja\/wp-json\/wp\/v2\/product\/115632","targetHints":{"allow":["GET"]}}],"collection":[{"href":"https:\/\/casafreitas.pt\/loja\/wp-json\/wp\/v2\/product"}],"about":[{"href":"https:\/\/casafreitas.pt\/loja\/wp-json\/wp\/v2\/types\/product"}],"replies":[{"embeddable":true,"href":"https:\/\/casafreitas.pt\/loja\/wp-json\/wp\/v2\/comments?post=115632"}],"version-history":[{"count":1,"href":"https:\/\/casafreitas.pt\/loja\/wp-json\/wp\/v2\/product\/115632\/revisions"}],"predecessor-version":[{"id":115633,"href":"https:\/\/casafreitas.pt\/loja\/wp-json\/wp\/v2\/product\/115632\/revisions\/115633"}],"wp:featuredmedia":[{"embeddable":true,"href":"https:\/\/casafreitas.pt\/loja\/wp-json\/wp\/v2\/media\/115631"}],"wp:attachment":[{"href":"https:\/\/casafreitas.pt\/loja\/wp-json\/wp\/v2\/media?parent=115632"}],"wp:term":[{"taxonomy":"product_brand","embeddable":true,"href":"https:\/\/casafreitas.pt\/loja\/wp-json\/wp\/v2\/product_brand?post=115632"},{"taxonomy":"product_cat","embeddable":true,"href":"https:\/\/casafreitas.pt\/loja\/wp-json\/wp\/v2\/product_cat?post=115632"},{"taxonomy":"product_tag","embeddable":true,"href":"https:\/\/casafreitas.pt\/loja\/wp-json\/wp\/v2\/product_tag?post=115632"}],"curies":[{"name":"wp","href":"https:\/\/api.w.org\/{rel}","templated":true}]}}