{"id":115506,"date":"2025-10-04T11:09:59","date_gmt":"2025-10-04T11:09:59","guid":{"rendered":"https:\/\/casafreitas.pt\/loja\/produto\/sabonete-liquido-maos-classic-300-ml\/"},"modified":"2025-11-18T22:01:02","modified_gmt":"2025-11-18T22:01:02","slug":"sabonete-liquido-maos-classic-300-ml","status":"publish","type":"product","link":"https:\/\/casafreitas.pt\/loja\/produto\/sabonete-liquido-maos-classic-300-ml\/","title":{"rendered":"Sabonete l\u00edquido de m\u00e3os classic 300 ml"},"content":{"rendered":"","protected":false},"excerpt":{"rendered":"<p>Sabonete l\u00edquido de m\u00e3os classic 300 ml. moussel sabonete l\u00edquido de m\u00e3os \u00e9 um gel com uma frag\u00e2ncia muito agrad\u00e1vel. a sua espuma abundante \u00e0 base de \u00f3leos essenciais, cuida as suas m\u00e3os diariamente, deixando-as suaves e perfumadas. o inconfund\u00edvel aroma moussel, de grande personalidade, proporcionando dia ap\u00f3s dia frescura e bem-estar a toda a fam\u00edlia<\/p>\n","protected":false},"featured_media":115505,"comment_status":"open","ping_status":"closed","template":"","meta":[],"product_brand":[],"product_cat":[17897,18010],"product_tag":[],"class_list":{"0":"post-115506","1":"product","2":"type-product","3":"status-publish","4":"has-post-thumbnail","6":"product_cat-geis-sabonetes-limpeza-e-higiene-pessoal","7":"product_cat-limpeza-higiene-pessoal","9":"first","10":"instock","11":"taxable","12":"shipping-taxable","13":"purchasable","14":"product-type-simple"},"_links":{"self":[{"href":"https:\/\/casafreitas.pt\/loja\/wp-json\/wp\/v2\/product\/115506","targetHints":{"allow":["GET"]}}],"collection":[{"href":"https:\/\/casafreitas.pt\/loja\/wp-json\/wp\/v2\/product"}],"about":[{"href":"https:\/\/casafreitas.pt\/loja\/wp-json\/wp\/v2\/types\/product"}],"replies":[{"embeddable":true,"href":"https:\/\/casafreitas.pt\/loja\/wp-json\/wp\/v2\/comments?post=115506"}],"version-history":[{"count":1,"href":"https:\/\/casafreitas.pt\/loja\/wp-json\/wp\/v2\/product\/115506\/revisions"}],"predecessor-version":[{"id":115507,"href":"https:\/\/casafreitas.pt\/loja\/wp-json\/wp\/v2\/product\/115506\/revisions\/115507"}],"wp:featuredmedia":[{"embeddable":true,"href":"https:\/\/casafreitas.pt\/loja\/wp-json\/wp\/v2\/media\/115505"}],"wp:attachment":[{"href":"https:\/\/casafreitas.pt\/loja\/wp-json\/wp\/v2\/media?parent=115506"}],"wp:term":[{"taxonomy":"product_brand","embeddable":true,"href":"https:\/\/casafreitas.pt\/loja\/wp-json\/wp\/v2\/product_brand?post=115506"},{"taxonomy":"product_cat","embeddable":true,"href":"https:\/\/casafreitas.pt\/loja\/wp-json\/wp\/v2\/product_cat?post=115506"},{"taxonomy":"product_tag","embeddable":true,"href":"https:\/\/casafreitas.pt\/loja\/wp-json\/wp\/v2\/product_tag?post=115506"}],"curies":[{"name":"wp","href":"https:\/\/api.w.org\/{rel}","templated":true}]}}