{"id":115500,"date":"2025-10-04T11:09:32","date_gmt":"2025-10-04T11:09:32","guid":{"rendered":"https:\/\/casafreitas.pt\/loja\/produto\/necessaire-men-care-5-pecas\/"},"modified":"2025-10-24T02:49:30","modified_gmt":"2025-10-24T02:49:30","slug":"necessaire-men-care-5-pecas","status":"publish","type":"product","link":"https:\/\/casafreitas.pt\/loja\/produto\/necessaire-men-care-5-pecas\/","title":{"rendered":"Necessaire men + care 5 pe\u00e7as"},"content":{"rendered":"","protected":false},"excerpt":{"rendered":"<p>Estuche men + care 5 pe\u00e7as cont\u00e9m 5 pe\u00e7as: 2 desodorantes 150 ml, 2 gel de duche 250 ml e bufanda para cuello tubular<\/p>\n","protected":false},"featured_media":115499,"comment_status":"open","ping_status":"closed","template":"","meta":[],"product_brand":[],"product_cat":[17883,18010],"product_tag":[],"class_list":{"0":"post-115500","1":"product","2":"type-product","3":"status-publish","4":"has-post-thumbnail","6":"product_cat-cuidados-com-o-corpo-limpeza-e-higiene-pessoal","7":"product_cat-limpeza-higiene-pessoal","9":"first","10":"instock","11":"taxable","12":"shipping-taxable","13":"purchasable","14":"product-type-simple"},"_links":{"self":[{"href":"https:\/\/casafreitas.pt\/loja\/wp-json\/wp\/v2\/product\/115500","targetHints":{"allow":["GET"]}}],"collection":[{"href":"https:\/\/casafreitas.pt\/loja\/wp-json\/wp\/v2\/product"}],"about":[{"href":"https:\/\/casafreitas.pt\/loja\/wp-json\/wp\/v2\/types\/product"}],"replies":[{"embeddable":true,"href":"https:\/\/casafreitas.pt\/loja\/wp-json\/wp\/v2\/comments?post=115500"}],"version-history":[{"count":1,"href":"https:\/\/casafreitas.pt\/loja\/wp-json\/wp\/v2\/product\/115500\/revisions"}],"predecessor-version":[{"id":115501,"href":"https:\/\/casafreitas.pt\/loja\/wp-json\/wp\/v2\/product\/115500\/revisions\/115501"}],"wp:featuredmedia":[{"embeddable":true,"href":"https:\/\/casafreitas.pt\/loja\/wp-json\/wp\/v2\/media\/115499"}],"wp:attachment":[{"href":"https:\/\/casafreitas.pt\/loja\/wp-json\/wp\/v2\/media?parent=115500"}],"wp:term":[{"taxonomy":"product_brand","embeddable":true,"href":"https:\/\/casafreitas.pt\/loja\/wp-json\/wp\/v2\/product_brand?post=115500"},{"taxonomy":"product_cat","embeddable":true,"href":"https:\/\/casafreitas.pt\/loja\/wp-json\/wp\/v2\/product_cat?post=115500"},{"taxonomy":"product_tag","embeddable":true,"href":"https:\/\/casafreitas.pt\/loja\/wp-json\/wp\/v2\/product_tag?post=115500"}],"curies":[{"name":"wp","href":"https:\/\/api.w.org\/{rel}","templated":true}]}}