{"id":115497,"date":"2025-10-04T11:09:18","date_gmt":"2025-10-04T11:09:18","guid":{"rendered":"https:\/\/casafreitas.pt\/loja\/produto\/protetor-solar-facial-mineral-tubo-f50-50-ml\/"},"modified":"2025-10-24T02:49:30","modified_gmt":"2025-10-24T02:49:30","slug":"protetor-solar-facial-mineral-tubo-f50-50-ml","status":"publish","type":"product","link":"https:\/\/casafreitas.pt\/loja\/produto\/protetor-solar-facial-mineral-tubo-f50-50-ml\/","title":{"rendered":"Protetor solar facial mineral tubo f50 50 ml"},"content":{"rendered":"","protected":false},"excerpt":{"rendered":"<p>Nivea facial f50 mineral 50ml. prote\u00e7\u00e3o 100% filtros uv minerais. prote\u00e7\u00e3o imediata contra os raios uva e uvb, queimaduras solares e danos na pele a longo prazo. formula resistente \u00e0 \u00e1gua. para a delicada pele do rostro. prote\u00e7\u00e3o eficaz sem filtros uv quimicos. formula com antioxidantes e aloe vera organico, sem perfume e resistente \u00e0 \u00e1gua. desenvolvido para pele normal\/sens\u00edvel ao sol. n\u00e3o obstrui os poros. compatibilidade com a pele oftalmologicamente testado<\/p>\n","protected":false},"featured_media":115496,"comment_status":"open","ping_status":"closed","template":"","meta":[],"product_brand":[],"product_cat":[17923,18010],"product_tag":[],"class_list":{"0":"post-115497","1":"product","2":"type-product","3":"status-publish","4":"has-post-thumbnail","6":"product_cat-protecao-solar-limpeza-e-higiene-pessoal","7":"product_cat-limpeza-higiene-pessoal","9":"first","10":"instock","11":"taxable","12":"shipping-taxable","13":"purchasable","14":"product-type-simple"},"_links":{"self":[{"href":"https:\/\/casafreitas.pt\/loja\/wp-json\/wp\/v2\/product\/115497","targetHints":{"allow":["GET"]}}],"collection":[{"href":"https:\/\/casafreitas.pt\/loja\/wp-json\/wp\/v2\/product"}],"about":[{"href":"https:\/\/casafreitas.pt\/loja\/wp-json\/wp\/v2\/types\/product"}],"replies":[{"embeddable":true,"href":"https:\/\/casafreitas.pt\/loja\/wp-json\/wp\/v2\/comments?post=115497"}],"version-history":[{"count":1,"href":"https:\/\/casafreitas.pt\/loja\/wp-json\/wp\/v2\/product\/115497\/revisions"}],"predecessor-version":[{"id":115498,"href":"https:\/\/casafreitas.pt\/loja\/wp-json\/wp\/v2\/product\/115497\/revisions\/115498"}],"wp:featuredmedia":[{"embeddable":true,"href":"https:\/\/casafreitas.pt\/loja\/wp-json\/wp\/v2\/media\/115496"}],"wp:attachment":[{"href":"https:\/\/casafreitas.pt\/loja\/wp-json\/wp\/v2\/media?parent=115497"}],"wp:term":[{"taxonomy":"product_brand","embeddable":true,"href":"https:\/\/casafreitas.pt\/loja\/wp-json\/wp\/v2\/product_brand?post=115497"},{"taxonomy":"product_cat","embeddable":true,"href":"https:\/\/casafreitas.pt\/loja\/wp-json\/wp\/v2\/product_cat?post=115497"},{"taxonomy":"product_tag","embeddable":true,"href":"https:\/\/casafreitas.pt\/loja\/wp-json\/wp\/v2\/product_tag?post=115497"}],"curies":[{"name":"wp","href":"https:\/\/api.w.org\/{rel}","templated":true}]}}