{"id":115494,"date":"2025-10-04T11:09:04","date_gmt":"2025-10-04T11:09:04","guid":{"rendered":"https:\/\/casafreitas.pt\/loja\/produto\/protetor-solar-facial-antienvelhecimento-tubo-q10-f50-50-ml\/"},"modified":"2025-10-24T02:49:30","modified_gmt":"2025-10-24T02:49:30","slug":"protetor-solar-facial-antienvelhecimento-tubo-q10-f50-50-ml","status":"publish","type":"product","link":"https:\/\/casafreitas.pt\/loja\/produto\/protetor-solar-facial-antienvelhecimento-tubo-q10-f50-50-ml\/","title":{"rendered":"Protetor solar facial antienvelhecimento tubo q10 f50 50 ml"},"content":{"rendered":"","protected":false},"excerpt":{"rendered":"<p>Nivea facial f50 anti-idade q10 50ml. desenvolvido especialmente para a delicada pele do rostro.a sua f\u00f3rmula com prote\u00e7\u00e3o ultra espectro protege a pele dos raios uva\/uvb e dos efeitos da luz visivel de alta energia (hevl) como o envelhecimento prematuro. a sua f\u00f3rmula com q10 previne e combate o aparecimento de linhas de express\u00e3o, rugas e manchas de pigmenta\u00e7\u00e3o induzidas pelo sol. para pele normal\/seca. sensa\u00e7\u00e3o ligeira e sedosa na pele. ideal para uso di\u00e1rio. f\u00f3rmula compat\u00edvel com contorno de olhos. oftalmologicamente testado<\/p>\n","protected":false},"featured_media":115493,"comment_status":"open","ping_status":"closed","template":"","meta":[],"product_brand":[],"product_cat":[17923,18010],"product_tag":[],"class_list":{"0":"post-115494","1":"product","2":"type-product","3":"status-publish","4":"has-post-thumbnail","6":"product_cat-protecao-solar-limpeza-e-higiene-pessoal","7":"product_cat-limpeza-higiene-pessoal","9":"first","10":"instock","11":"taxable","12":"shipping-taxable","13":"purchasable","14":"product-type-simple"},"_links":{"self":[{"href":"https:\/\/casafreitas.pt\/loja\/wp-json\/wp\/v2\/product\/115494","targetHints":{"allow":["GET"]}}],"collection":[{"href":"https:\/\/casafreitas.pt\/loja\/wp-json\/wp\/v2\/product"}],"about":[{"href":"https:\/\/casafreitas.pt\/loja\/wp-json\/wp\/v2\/types\/product"}],"replies":[{"embeddable":true,"href":"https:\/\/casafreitas.pt\/loja\/wp-json\/wp\/v2\/comments?post=115494"}],"version-history":[{"count":1,"href":"https:\/\/casafreitas.pt\/loja\/wp-json\/wp\/v2\/product\/115494\/revisions"}],"predecessor-version":[{"id":115495,"href":"https:\/\/casafreitas.pt\/loja\/wp-json\/wp\/v2\/product\/115494\/revisions\/115495"}],"wp:featuredmedia":[{"embeddable":true,"href":"https:\/\/casafreitas.pt\/loja\/wp-json\/wp\/v2\/media\/115493"}],"wp:attachment":[{"href":"https:\/\/casafreitas.pt\/loja\/wp-json\/wp\/v2\/media?parent=115494"}],"wp:term":[{"taxonomy":"product_brand","embeddable":true,"href":"https:\/\/casafreitas.pt\/loja\/wp-json\/wp\/v2\/product_brand?post=115494"},{"taxonomy":"product_cat","embeddable":true,"href":"https:\/\/casafreitas.pt\/loja\/wp-json\/wp\/v2\/product_cat?post=115494"},{"taxonomy":"product_tag","embeddable":true,"href":"https:\/\/casafreitas.pt\/loja\/wp-json\/wp\/v2\/product_tag?post=115494"}],"curies":[{"name":"wp","href":"https:\/\/api.w.org\/{rel}","templated":true}]}}