{"id":115356,"date":"2025-10-04T10:58:10","date_gmt":"2025-10-04T10:58:10","guid":{"rendered":"https:\/\/casafreitas.pt\/loja\/produto\/bermuda-tecnica-laredo-t3-preta-cinza-g\/"},"modified":"2025-10-24T02:49:23","modified_gmt":"2025-10-24T02:49:23","slug":"bermuda-tecnica-laredo-t3-preta-cinza-g","status":"publish","type":"product","link":"https:\/\/casafreitas.pt\/loja\/produto\/bermuda-tecnica-laredo-t3-preta-cinza-g\/","title":{"rendered":"Bermuda t\u00e9cnica laredo t3 preta\/cinza &#8211; g"},"content":{"rendered":"","protected":false},"excerpt":{"rendered":"<p>Bermuda t\u00e9cnica preta\/cinza laredo, tamanho 3 &#8211; g; cal\u00e7a el\u00e1stica com v\u00e1rios bolsos, faixas refletivas, material 90% n\u00e1ilon e 10% elastano resistente \u00e0 abras\u00e3o<\/p>\n","protected":false},"featured_media":115355,"comment_status":"open","ping_status":"closed","template":"","meta":[],"product_brand":[],"product_cat":[17531,18004],"product_tag":[],"class_list":{"0":"post-115356","1":"product","2":"type-product","3":"status-publish","4":"has-post-thumbnail","6":"product_cat-calcas-bermudas-macacoes-construcao","7":"product_cat-construcao","9":"first","10":"instock","11":"taxable","12":"shipping-taxable","13":"purchasable","14":"product-type-simple"},"_links":{"self":[{"href":"https:\/\/casafreitas.pt\/loja\/wp-json\/wp\/v2\/product\/115356","targetHints":{"allow":["GET"]}}],"collection":[{"href":"https:\/\/casafreitas.pt\/loja\/wp-json\/wp\/v2\/product"}],"about":[{"href":"https:\/\/casafreitas.pt\/loja\/wp-json\/wp\/v2\/types\/product"}],"replies":[{"embeddable":true,"href":"https:\/\/casafreitas.pt\/loja\/wp-json\/wp\/v2\/comments?post=115356"}],"version-history":[{"count":1,"href":"https:\/\/casafreitas.pt\/loja\/wp-json\/wp\/v2\/product\/115356\/revisions"}],"predecessor-version":[{"id":115357,"href":"https:\/\/casafreitas.pt\/loja\/wp-json\/wp\/v2\/product\/115356\/revisions\/115357"}],"wp:featuredmedia":[{"embeddable":true,"href":"https:\/\/casafreitas.pt\/loja\/wp-json\/wp\/v2\/media\/115355"}],"wp:attachment":[{"href":"https:\/\/casafreitas.pt\/loja\/wp-json\/wp\/v2\/media?parent=115356"}],"wp:term":[{"taxonomy":"product_brand","embeddable":true,"href":"https:\/\/casafreitas.pt\/loja\/wp-json\/wp\/v2\/product_brand?post=115356"},{"taxonomy":"product_cat","embeddable":true,"href":"https:\/\/casafreitas.pt\/loja\/wp-json\/wp\/v2\/product_cat?post=115356"},{"taxonomy":"product_tag","embeddable":true,"href":"https:\/\/casafreitas.pt\/loja\/wp-json\/wp\/v2\/product_tag?post=115356"}],"curies":[{"name":"wp","href":"https:\/\/api.w.org\/{rel}","templated":true}]}}