{"id":115086,"date":"2025-10-04T10:37:19","date_gmt":"2025-10-04T10:37:19","guid":{"rendered":"https:\/\/casafreitas.pt\/loja\/produto\/vestido-adesivo-impermeavel-confortavel-100-uds\/"},"modified":"2025-10-24T02:49:02","modified_gmt":"2025-10-24T02:49:02","slug":"vestido-adesivo-impermeavel-confortavel-100-uds","status":"publish","type":"product","link":"https:\/\/casafreitas.pt\/loja\/produto\/vestido-adesivo-impermeavel-confortavel-100-uds\/","title":{"rendered":"Vestido adesivo imperme\u00e1vel confort\u00e1vel 100 uds"},"content":{"rendered":"","protected":false},"excerpt":{"rendered":"<p>Vestido adesivo imperme\u00e1vel confort\u00e1vel 100 uds<\/p>\n","protected":false},"featured_media":115085,"comment_status":"open","ping_status":"closed","template":"","meta":[],"product_brand":[],"product_cat":[17919,18010],"product_tag":[],"class_list":{"0":"post-115086","1":"product","2":"type-product","3":"status-publish","4":"has-post-thumbnail","6":"product_cat-parafarmacia-limpeza-e-higiene-pessoal","7":"product_cat-limpeza-higiene-pessoal","9":"first","10":"instock","11":"taxable","12":"shipping-taxable","13":"purchasable","14":"product-type-simple"},"_links":{"self":[{"href":"https:\/\/casafreitas.pt\/loja\/wp-json\/wp\/v2\/product\/115086","targetHints":{"allow":["GET"]}}],"collection":[{"href":"https:\/\/casafreitas.pt\/loja\/wp-json\/wp\/v2\/product"}],"about":[{"href":"https:\/\/casafreitas.pt\/loja\/wp-json\/wp\/v2\/types\/product"}],"replies":[{"embeddable":true,"href":"https:\/\/casafreitas.pt\/loja\/wp-json\/wp\/v2\/comments?post=115086"}],"version-history":[{"count":1,"href":"https:\/\/casafreitas.pt\/loja\/wp-json\/wp\/v2\/product\/115086\/revisions"}],"predecessor-version":[{"id":115087,"href":"https:\/\/casafreitas.pt\/loja\/wp-json\/wp\/v2\/product\/115086\/revisions\/115087"}],"wp:featuredmedia":[{"embeddable":true,"href":"https:\/\/casafreitas.pt\/loja\/wp-json\/wp\/v2\/media\/115085"}],"wp:attachment":[{"href":"https:\/\/casafreitas.pt\/loja\/wp-json\/wp\/v2\/media?parent=115086"}],"wp:term":[{"taxonomy":"product_brand","embeddable":true,"href":"https:\/\/casafreitas.pt\/loja\/wp-json\/wp\/v2\/product_brand?post=115086"},{"taxonomy":"product_cat","embeddable":true,"href":"https:\/\/casafreitas.pt\/loja\/wp-json\/wp\/v2\/product_cat?post=115086"},{"taxonomy":"product_tag","embeddable":true,"href":"https:\/\/casafreitas.pt\/loja\/wp-json\/wp\/v2\/product_tag?post=115086"}],"curies":[{"name":"wp","href":"https:\/\/api.w.org\/{rel}","templated":true}]}}