{"id":115083,"date":"2025-10-04T10:37:05","date_gmt":"2025-10-04T10:37:05","guid":{"rendered":"https:\/\/casafreitas.pt\/loja\/produto\/espreguicadeira-dobravel-metalica-cor-preta\/"},"modified":"2025-10-24T02:49:02","modified_gmt":"2025-10-24T02:49:02","slug":"espreguicadeira-dobravel-metalica-cor-preta","status":"publish","type":"product","link":"https:\/\/casafreitas.pt\/loja\/produto\/espreguicadeira-dobravel-metalica-cor-preta\/","title":{"rendered":"Espregui\u00e7adeira dobr\u00e1vel met\u00e1lica cor preta"},"content":{"rendered":"","protected":false},"excerpt":{"rendered":"<p>Espregui\u00e7adeira dobr\u00e1vel met\u00e1lica cor preta. dobr\u00e1vel 3 vias. tamanho 190x56x86cm, com encosto 5 posi\u00e7\u00f5es. peso m\u00e1ximo de carga 110kg<\/p>\n","protected":false},"featured_media":115082,"comment_status":"open","ping_status":"closed","template":"","meta":[],"product_brand":[],"product_cat":[17824,18009],"product_tag":[],"class_list":{"0":"post-115083","1":"product","2":"type-product","3":"status-publish","4":"has-post-thumbnail","6":"product_cat-cadeiras-espreguicadeiras-jardim-e-espaco-exterior","7":"product_cat-jardim-espaco-exterior","9":"first","10":"instock","11":"taxable","12":"shipping-taxable","13":"purchasable","14":"product-type-simple"},"_links":{"self":[{"href":"https:\/\/casafreitas.pt\/loja\/wp-json\/wp\/v2\/product\/115083","targetHints":{"allow":["GET"]}}],"collection":[{"href":"https:\/\/casafreitas.pt\/loja\/wp-json\/wp\/v2\/product"}],"about":[{"href":"https:\/\/casafreitas.pt\/loja\/wp-json\/wp\/v2\/types\/product"}],"replies":[{"embeddable":true,"href":"https:\/\/casafreitas.pt\/loja\/wp-json\/wp\/v2\/comments?post=115083"}],"version-history":[{"count":1,"href":"https:\/\/casafreitas.pt\/loja\/wp-json\/wp\/v2\/product\/115083\/revisions"}],"predecessor-version":[{"id":115084,"href":"https:\/\/casafreitas.pt\/loja\/wp-json\/wp\/v2\/product\/115083\/revisions\/115084"}],"wp:featuredmedia":[{"embeddable":true,"href":"https:\/\/casafreitas.pt\/loja\/wp-json\/wp\/v2\/media\/115082"}],"wp:attachment":[{"href":"https:\/\/casafreitas.pt\/loja\/wp-json\/wp\/v2\/media?parent=115083"}],"wp:term":[{"taxonomy":"product_brand","embeddable":true,"href":"https:\/\/casafreitas.pt\/loja\/wp-json\/wp\/v2\/product_brand?post=115083"},{"taxonomy":"product_cat","embeddable":true,"href":"https:\/\/casafreitas.pt\/loja\/wp-json\/wp\/v2\/product_cat?post=115083"},{"taxonomy":"product_tag","embeddable":true,"href":"https:\/\/casafreitas.pt\/loja\/wp-json\/wp\/v2\/product_tag?post=115083"}],"curies":[{"name":"wp","href":"https:\/\/api.w.org\/{rel}","templated":true}]}}