{"id":114957,"date":"2025-10-04T10:26:37","date_gmt":"2025-10-04T10:26:37","guid":{"rendered":"https:\/\/casafreitas.pt\/loja\/produto\/capacete-standard-ce-4957000-wolfcraft\/"},"modified":"2025-10-24T02:48:55","modified_gmt":"2025-10-24T02:48:55","slug":"capacete-standard-ce-4957000-wolfcraft","status":"publish","type":"product","link":"https:\/\/casafreitas.pt\/loja\/produto\/capacete-standard-ce-4957000-wolfcraft\/","title":{"rendered":"Capacete standard (ce) 4957000 wolfcraft"},"content":{"rendered":"","protected":false},"excerpt":{"rendered":"<p>Capacete standard, o protetor auditivo foi desenvolvido para uso ocasional, com polui\u00e7\u00e3o sonora de n\u00edvel m\u00e9dio. tem um valor de atenua\u00e7\u00e3o snr de 29 db (h 33 db\/m 28 db\/l 17 db). isto torna-o perfeito para usar em trabalhos com ferramentas el\u00e9tricas e m\u00e1quinas de constru\u00e7\u00e3o. a cor de sinaliza\u00e7\u00e3o vermelha oferece uma boa visibilidade em todos os ambientes de trabalho. os protetores auditivos r\u00edgidos ajust\u00e1veis possuem acolchoamento de pl\u00e1stico macio e oferecem um agrad\u00e1vel conforto. o tamanho da fita para a cabe\u00e7a (s, m e l) pode ser ajustado e adaptado \u00e0s necessidades individuais. como parte do equipamento de prote\u00e7\u00e3o, o protetor auditivo cumpre os requisitos de acordo com a normativa en 352-1:2020 e o regulamento de equipamentos de prote\u00e7\u00e3o individual (ue) 2016\/425. tenha em conta as instr<\/p>\n","protected":false},"featured_media":114956,"comment_status":"open","ping_status":"closed","template":"","meta":[],"product_brand":[],"product_cat":[17635,18004],"product_tag":[],"class_list":{"0":"post-114957","1":"product","2":"type-product","3":"status-publish","4":"has-post-thumbnail","6":"product_cat-protecao-auditiva-construcao","7":"product_cat-construcao","9":"first","10":"instock","11":"taxable","12":"shipping-taxable","13":"purchasable","14":"product-type-simple"},"_links":{"self":[{"href":"https:\/\/casafreitas.pt\/loja\/wp-json\/wp\/v2\/product\/114957","targetHints":{"allow":["GET"]}}],"collection":[{"href":"https:\/\/casafreitas.pt\/loja\/wp-json\/wp\/v2\/product"}],"about":[{"href":"https:\/\/casafreitas.pt\/loja\/wp-json\/wp\/v2\/types\/product"}],"replies":[{"embeddable":true,"href":"https:\/\/casafreitas.pt\/loja\/wp-json\/wp\/v2\/comments?post=114957"}],"version-history":[{"count":1,"href":"https:\/\/casafreitas.pt\/loja\/wp-json\/wp\/v2\/product\/114957\/revisions"}],"predecessor-version":[{"id":114958,"href":"https:\/\/casafreitas.pt\/loja\/wp-json\/wp\/v2\/product\/114957\/revisions\/114958"}],"wp:featuredmedia":[{"embeddable":true,"href":"https:\/\/casafreitas.pt\/loja\/wp-json\/wp\/v2\/media\/114956"}],"wp:attachment":[{"href":"https:\/\/casafreitas.pt\/loja\/wp-json\/wp\/v2\/media?parent=114957"}],"wp:term":[{"taxonomy":"product_brand","embeddable":true,"href":"https:\/\/casafreitas.pt\/loja\/wp-json\/wp\/v2\/product_brand?post=114957"},{"taxonomy":"product_cat","embeddable":true,"href":"https:\/\/casafreitas.pt\/loja\/wp-json\/wp\/v2\/product_cat?post=114957"},{"taxonomy":"product_tag","embeddable":true,"href":"https:\/\/casafreitas.pt\/loja\/wp-json\/wp\/v2\/product_tag?post=114957"}],"curies":[{"name":"wp","href":"https:\/\/api.w.org\/{rel}","templated":true}]}}