{"id":114951,"date":"2025-10-04T10:26:09","date_gmt":"2025-10-04T10:26:09","guid":{"rendered":"https:\/\/casafreitas.pt\/loja\/produto\/pack-2-mascaras-protecao-respiratoria-ffp2-nr-d-4945000-wolfcraft\/"},"modified":"2025-10-24T02:48:55","modified_gmt":"2025-10-24T02:48:55","slug":"pack-2-mascaras-protecao-respiratoria-ffp2-nr-d-4945000-wolfcraft","status":"publish","type":"product","link":"https:\/\/casafreitas.pt\/loja\/produto\/pack-2-mascaras-protecao-respiratoria-ffp2-nr-d-4945000-wolfcraft\/","title":{"rendered":"Pack 2 m\u00e1scaras de prote\u00e7\u00e3o respirat\u00f3ria ffp2 nr d 4945000 wolfcraft"},"content":{"rendered":"","protected":false},"excerpt":{"rendered":"<p>Pack de 2 m\u00e1scaras de prote\u00e7\u00e3o respirat\u00f3ria ffp2 nr d, a m\u00e1scara de prote\u00e7\u00e3o respirat\u00f3ria classe filtragem ffp2 protege de forma confi\u00e1vel contra p\u00f3 e aeross\u00f3is nocivos para a sa\u00fade, e \u00e9 ideal para lixar, varrer, escovar e isolar. a classe de prote\u00e7\u00e3o \u00e9 dimensionada para filtrar 94% das part\u00edculas at\u00e9 ao tamanho de 0,6mm e para um uso seguro no local de trabalho at\u00e9 um valor 10 vezes superior ao limite de exposi\u00e7\u00e3o profissional. a m\u00e1scara de prote\u00e7\u00e3o respirat\u00f3ria \u00e9 um produto descart\u00e1vel que pode ser utilizado durante o turno de trabalho. para poupar espa\u00e7o, a m\u00e1scara pode ser facilmente dobrada. o tecido filtrante macio \u00e9 muito agrad\u00e1vel ao tato e oferece um ajuste \u00f3timo ao longo do contorno da cara. a pe\u00e7a para o nariz \u00e9 flex\u00edvel, permitindo que seja ajustada para maior conforto. gra\u00e7as<\/p>\n","protected":false},"featured_media":114950,"comment_status":"open","ping_status":"closed","template":"","meta":[],"product_brand":[],"product_cat":[17604,18004],"product_tag":[],"class_list":{"0":"post-114951","1":"product","2":"type-product","3":"status-publish","4":"has-post-thumbnail","6":"product_cat-mascaras-construcao","7":"product_cat-construcao","9":"first","10":"instock","11":"taxable","12":"shipping-taxable","13":"purchasable","14":"product-type-simple"},"_links":{"self":[{"href":"https:\/\/casafreitas.pt\/loja\/wp-json\/wp\/v2\/product\/114951","targetHints":{"allow":["GET"]}}],"collection":[{"href":"https:\/\/casafreitas.pt\/loja\/wp-json\/wp\/v2\/product"}],"about":[{"href":"https:\/\/casafreitas.pt\/loja\/wp-json\/wp\/v2\/types\/product"}],"replies":[{"embeddable":true,"href":"https:\/\/casafreitas.pt\/loja\/wp-json\/wp\/v2\/comments?post=114951"}],"version-history":[{"count":1,"href":"https:\/\/casafreitas.pt\/loja\/wp-json\/wp\/v2\/product\/114951\/revisions"}],"predecessor-version":[{"id":114952,"href":"https:\/\/casafreitas.pt\/loja\/wp-json\/wp\/v2\/product\/114951\/revisions\/114952"}],"wp:featuredmedia":[{"embeddable":true,"href":"https:\/\/casafreitas.pt\/loja\/wp-json\/wp\/v2\/media\/114950"}],"wp:attachment":[{"href":"https:\/\/casafreitas.pt\/loja\/wp-json\/wp\/v2\/media?parent=114951"}],"wp:term":[{"taxonomy":"product_brand","embeddable":true,"href":"https:\/\/casafreitas.pt\/loja\/wp-json\/wp\/v2\/product_brand?post=114951"},{"taxonomy":"product_cat","embeddable":true,"href":"https:\/\/casafreitas.pt\/loja\/wp-json\/wp\/v2\/product_cat?post=114951"},{"taxonomy":"product_tag","embeddable":true,"href":"https:\/\/casafreitas.pt\/loja\/wp-json\/wp\/v2\/product_tag?post=114951"}],"curies":[{"name":"wp","href":"https:\/\/api.w.org\/{rel}","templated":true}]}}