{"id":114666,"date":"2025-10-04T10:04:15","date_gmt":"2025-10-04T10:04:15","guid":{"rendered":"https:\/\/casafreitas.pt\/loja\/produto\/bermudas-cargo-preto-tamanho-xxl-02410nr5xxl\/"},"modified":"2025-10-24T02:48:31","modified_gmt":"2025-10-24T02:48:31","slug":"bermudas-cargo-preto-tamanho-xxl-02410nr5xxl","status":"publish","type":"product","link":"https:\/\/casafreitas.pt\/loja\/produto\/bermudas-cargo-preto-tamanho-xxl-02410nr5xxl\/","title":{"rendered":"Bermudas cargo preto tamanho-xxl 02410nr5xxl"},"content":{"rendered":"","protected":false},"excerpt":{"rendered":"<p>Bermudas cargo preto tamanho-xxl 02410nr5xxl. tecido de algod\u00e3o suave e el\u00e1stico com costuras de refor\u00e7o de contraste. 97% algod\u00e3o, 3% elastano<\/p>\n","protected":false},"featured_media":114665,"comment_status":"open","ping_status":"closed","template":"","meta":[],"product_brand":[],"product_cat":[17531,18004],"product_tag":[],"class_list":{"0":"post-114666","1":"product","2":"type-product","3":"status-publish","4":"has-post-thumbnail","6":"product_cat-calcas-bermudas-macacoes-construcao","7":"product_cat-construcao","9":"first","10":"instock","11":"taxable","12":"shipping-taxable","13":"purchasable","14":"product-type-simple"},"_links":{"self":[{"href":"https:\/\/casafreitas.pt\/loja\/wp-json\/wp\/v2\/product\/114666","targetHints":{"allow":["GET"]}}],"collection":[{"href":"https:\/\/casafreitas.pt\/loja\/wp-json\/wp\/v2\/product"}],"about":[{"href":"https:\/\/casafreitas.pt\/loja\/wp-json\/wp\/v2\/types\/product"}],"replies":[{"embeddable":true,"href":"https:\/\/casafreitas.pt\/loja\/wp-json\/wp\/v2\/comments?post=114666"}],"version-history":[{"count":1,"href":"https:\/\/casafreitas.pt\/loja\/wp-json\/wp\/v2\/product\/114666\/revisions"}],"predecessor-version":[{"id":114667,"href":"https:\/\/casafreitas.pt\/loja\/wp-json\/wp\/v2\/product\/114666\/revisions\/114667"}],"wp:featuredmedia":[{"embeddable":true,"href":"https:\/\/casafreitas.pt\/loja\/wp-json\/wp\/v2\/media\/114665"}],"wp:attachment":[{"href":"https:\/\/casafreitas.pt\/loja\/wp-json\/wp\/v2\/media?parent=114666"}],"wp:term":[{"taxonomy":"product_brand","embeddable":true,"href":"https:\/\/casafreitas.pt\/loja\/wp-json\/wp\/v2\/product_brand?post=114666"},{"taxonomy":"product_cat","embeddable":true,"href":"https:\/\/casafreitas.pt\/loja\/wp-json\/wp\/v2\/product_cat?post=114666"},{"taxonomy":"product_tag","embeddable":true,"href":"https:\/\/casafreitas.pt\/loja\/wp-json\/wp\/v2\/product_tag?post=114666"}],"curies":[{"name":"wp","href":"https:\/\/api.w.org\/{rel}","templated":true}]}}