{"id":114657,"date":"2025-10-04T10:03:36","date_gmt":"2025-10-04T10:03:36","guid":{"rendered":"https:\/\/casafreitas.pt\/loja\/produto\/bermudas-cargo-preto-tamanho-s-02410nr1s\/"},"modified":"2025-10-24T02:48:30","modified_gmt":"2025-10-24T02:48:30","slug":"bermudas-cargo-preto-tamanho-s-02410nr1s","status":"publish","type":"product","link":"https:\/\/casafreitas.pt\/loja\/produto\/bermudas-cargo-preto-tamanho-s-02410nr1s\/","title":{"rendered":"Bermudas cargo preto tamanho-s 02410nr1s"},"content":{"rendered":"","protected":false},"excerpt":{"rendered":"<p>Bermudas cargo preto tamanho-s 02410nr1s. tecido de algod\u00e3o suave e el\u00e1stico com costuras de refor\u00e7o de contraste. 97% algod\u00e3o, 3% elastano<\/p>\n","protected":false},"featured_media":114656,"comment_status":"open","ping_status":"closed","template":"","meta":[],"product_brand":[],"product_cat":[17531,18004],"product_tag":[],"class_list":{"0":"post-114657","1":"product","2":"type-product","3":"status-publish","4":"has-post-thumbnail","6":"product_cat-calcas-bermudas-macacoes-construcao","7":"product_cat-construcao","9":"first","10":"instock","11":"taxable","12":"shipping-taxable","13":"purchasable","14":"product-type-simple"},"_links":{"self":[{"href":"https:\/\/casafreitas.pt\/loja\/wp-json\/wp\/v2\/product\/114657","targetHints":{"allow":["GET"]}}],"collection":[{"href":"https:\/\/casafreitas.pt\/loja\/wp-json\/wp\/v2\/product"}],"about":[{"href":"https:\/\/casafreitas.pt\/loja\/wp-json\/wp\/v2\/types\/product"}],"replies":[{"embeddable":true,"href":"https:\/\/casafreitas.pt\/loja\/wp-json\/wp\/v2\/comments?post=114657"}],"version-history":[{"count":1,"href":"https:\/\/casafreitas.pt\/loja\/wp-json\/wp\/v2\/product\/114657\/revisions"}],"predecessor-version":[{"id":114658,"href":"https:\/\/casafreitas.pt\/loja\/wp-json\/wp\/v2\/product\/114657\/revisions\/114658"}],"wp:featuredmedia":[{"embeddable":true,"href":"https:\/\/casafreitas.pt\/loja\/wp-json\/wp\/v2\/media\/114656"}],"wp:attachment":[{"href":"https:\/\/casafreitas.pt\/loja\/wp-json\/wp\/v2\/media?parent=114657"}],"wp:term":[{"taxonomy":"product_brand","embeddable":true,"href":"https:\/\/casafreitas.pt\/loja\/wp-json\/wp\/v2\/product_brand?post=114657"},{"taxonomy":"product_cat","embeddable":true,"href":"https:\/\/casafreitas.pt\/loja\/wp-json\/wp\/v2\/product_cat?post=114657"},{"taxonomy":"product_tag","embeddable":true,"href":"https:\/\/casafreitas.pt\/loja\/wp-json\/wp\/v2\/product_tag?post=114657"}],"curies":[{"name":"wp","href":"https:\/\/api.w.org\/{rel}","templated":true}]}}