{"id":114366,"date":"2025-10-04T09:41:50","date_gmt":"2025-10-04T09:41:50","guid":{"rendered":"https:\/\/casafreitas.pt\/loja\/produto\/pack-2-filtros-com-rosca-fp-abek1p3\/"},"modified":"2025-10-24T02:48:07","modified_gmt":"2025-10-24T02:48:07","slug":"pack-2-filtros-com-rosca-fp-abek1p3","status":"publish","type":"product","link":"https:\/\/casafreitas.pt\/loja\/produto\/pack-2-filtros-com-rosca-fp-abek1p3\/","title":{"rendered":"Pack 2 filtros com rosca fp abek1p3"},"content":{"rendered":"","protected":false},"excerpt":{"rendered":"<p>Pack 2 filtros com rosca fp abek1p3. filtro fp de rosca para meia mascara breath. filtro abek1p3 (gases e vapores org\u00e2nicos e inorg\u00e2nicos, gases \u00e1cidos e amon\u00edaco classe 1 e part\u00edculas classe 3). usos e aplica\u00e7\u00f5es: insd\u00fastria (metal, fundi\u00e7\u00f5es, ind\u00fastria qu\u00edmica org\u00e2nica e inorg\u00e2nica, farmac\u00eautica), agricultura (produtos agroqu\u00edmicos, fitossanit\u00e1rio, herbicida, fumiga\u00e7\u00e3o), pesca (piscicultura, processamento), manuten\u00e7\u00e3o (desinfe\u00e7\u00e3o, limpeza dom\u00e9stica e ind\u00fastrial, hipoclorito de s\u00f3dio), manuten\u00e7\u00e3o ind\u00fastrial, manuten\u00e7\u00e3o aliment\u00e1ria, fabrica\u00e7\u00e3o (qu\u00edmica, barcos, carros, equipamento de refrigera\u00e7\u00e3o, eletrodom\u00e9sticos, \u00e1cido clorh\u00eddrico, n\u00edtrico sulfh\u00eddrico, sulf\u00farico).<\/p>\n","protected":false},"featured_media":114365,"comment_status":"open","ping_status":"closed","template":"","meta":[],"product_brand":[],"product_cat":[17604,18004],"product_tag":[],"class_list":{"0":"post-114366","1":"product","2":"type-product","3":"status-publish","4":"has-post-thumbnail","6":"product_cat-mascaras-construcao","7":"product_cat-construcao","9":"first","10":"instock","11":"taxable","12":"shipping-taxable","13":"purchasable","14":"product-type-simple"},"_links":{"self":[{"href":"https:\/\/casafreitas.pt\/loja\/wp-json\/wp\/v2\/product\/114366","targetHints":{"allow":["GET"]}}],"collection":[{"href":"https:\/\/casafreitas.pt\/loja\/wp-json\/wp\/v2\/product"}],"about":[{"href":"https:\/\/casafreitas.pt\/loja\/wp-json\/wp\/v2\/types\/product"}],"replies":[{"embeddable":true,"href":"https:\/\/casafreitas.pt\/loja\/wp-json\/wp\/v2\/comments?post=114366"}],"version-history":[{"count":1,"href":"https:\/\/casafreitas.pt\/loja\/wp-json\/wp\/v2\/product\/114366\/revisions"}],"predecessor-version":[{"id":114367,"href":"https:\/\/casafreitas.pt\/loja\/wp-json\/wp\/v2\/product\/114366\/revisions\/114367"}],"wp:featuredmedia":[{"embeddable":true,"href":"https:\/\/casafreitas.pt\/loja\/wp-json\/wp\/v2\/media\/114365"}],"wp:attachment":[{"href":"https:\/\/casafreitas.pt\/loja\/wp-json\/wp\/v2\/media?parent=114366"}],"wp:term":[{"taxonomy":"product_brand","embeddable":true,"href":"https:\/\/casafreitas.pt\/loja\/wp-json\/wp\/v2\/product_brand?post=114366"},{"taxonomy":"product_cat","embeddable":true,"href":"https:\/\/casafreitas.pt\/loja\/wp-json\/wp\/v2\/product_cat?post=114366"},{"taxonomy":"product_tag","embeddable":true,"href":"https:\/\/casafreitas.pt\/loja\/wp-json\/wp\/v2\/product_tag?post=114366"}],"curies":[{"name":"wp","href":"https:\/\/api.w.org\/{rel}","templated":true}]}}